{"id":5252,"date":"2021-03-26T19:12:12","date_gmt":"2021-03-27T00:12:12","guid":{"rendered":"https:\/\/musuqilla.info\/?page_id=5252"},"modified":"2024-06-27T15:34:55","modified_gmt":"2024-06-27T20:34:55","slug":"submission-guidelines","status":"publish","type":"page","link":"https:\/\/staging.musuqilla.info\/en\/submission-guidelines\/","title":{"rendered":"Submission Guidelines"},"content":{"rendered":"<div class=\"wpb-content-wrapper\"><p>[vc_row][vc_column][gsf_space desktop=&#8221;35&#8243; tablet=&#8221;30&#8243; tablet_portrait=&#8221;30&#8243; mobile_landscape=&#8221;25&#8243; mobile=&#8221;25&#8243;][vc_column_text el_class=&#8221;&#8221;]<\/p>\n<h2>Instrucciones para autores<\/h2>\n<p>Gracias por su inter\u00e9s en publicar su poes\u00eda en el proyecto colectivo de humanidades digitales Musuq Illa. Para que podamos considerar su entrega favor de enviar los siguientes elementos:<\/p>\n<ol>\n<li>Los archivos en audio de su lectura de los poemas en runasimi y en castellano (si es que exista versi\u00f3n en castellano; m\u00e1s detalles t\u00e9cnicos a continuaci\u00f3n).<\/li>\n<li>Una fotograf\u00eda suya (.jpeg o .png)<\/li>\n<li>Una breve biograf\u00eda de autor en castellano y en runasimi (150-200 palabras max. para cada versi\u00f3n)<\/li>\n<li>Un archivo en audio de su lectura de su biograf\u00eda de autor en runasimi (para que los runamasikuna que est\u00e1n en el proceso de adquirir la letra tambi\u00e9n pueden escuchar las biograf\u00edas de los poetas.<\/li>\n<li>Otras fotograf\u00edas relacionadas a su poes\u00eda o biograf\u00eda que muestran elementos que le hayan inspirado en la composici\u00f3n de sus versos. Podr\u00edan ser, por ejemplo, fotograf\u00edas de paisajes, lugares, personas, animales, plantas, textiler\u00eda o arte visual de su propia creaci\u00f3n (o de su comunidad), etc.<\/li>\n<\/ol>\n<h2>Descripci\u00f3n de c\u00f3mo grabar un audio con un celular iPhone o Android.<\/h2>\n<p><a href=\"https:\/\/es.wikihow.com\/grabar-audio-en-un-celular\" target=\"_blank\" rel=\"noopener\">WikiHow: C\u00f3mo grabar un audio con un celular<\/a><br \/>\n(Normalmente los micr\u00f3fonos en los tel\u00e9fonos inteligentes son mejores que los de las computadoras).<\/p>\n<h2>Sugerencias para mejorar la calidad del sonido en su grabaci\u00f3n<\/h2>\n<p>Favor de grabar unos 20-30 segundos en silencio antes de empezar a leer.<\/p>\n<h3>El micr\u00f3fono:<\/h3>\n<ol>\n<li>Localice la ubicaci\u00f3n de los micr\u00f3fonos de su celular; generalmente se encuentran en la parte inferior del celular. Aseg\u00farese de que no haya ninguna obstrucci\u00f3n en las entradas del micr\u00f3fono, por ejemplo los dedos.<\/li>\n<li>Si tiene un estuche o funda de pl\u00e1stico que protege su celular, es mejor removerlo antes de grabar.<\/li>\n<li>Mantenga el micr\u00f3fono de su celular alrededor de 30 cm (un pie) enfrente de usted. (Cuando se graba con un tel\u00e9fono, hay un riesgo de distorsi\u00f3n que ocurre si el tel\u00e9fono est\u00e1 demasiado cerca de la boca y no se puede arreglar f\u00e1cilmente en la post-producci\u00f3n.)<\/li>\n<li>Antes de empezar a grabar con su celular hace falta colocarlo en silencio o en modo avi\u00f3n; con esto se evitar\u00e1 que la grabaci\u00f3n se corte por la entrada de un tono de mensaje o de una llamada entrante.<\/li>\n<li>Aseg\u00farese de no mover el celular mientras usted graba, o mejor a\u00fan, p\u00eddele ayuda a alguien m\u00e1s para que la otra persona sostenga el celular mientras se graba el audio.<\/li>\n<\/ol>\n<h3>\u00bfEn d\u00f3nde grabar?<\/h3>\n<ol>\n<li>Intente rodearse de materiales blandos para intensificar las frecuencias de ruido m\u00e1s bajas y eliminar algunas de las m\u00e1s altas. Grabar en la cama con almohadas alrededor o poner una cobija o un abrigo encima de su cabeza durante la grabaci\u00f3n tambi\u00e9n es una opci\u00f3n.<\/li>\n<li>Intente alejarse de las paredes, algunas causan el efecto rebote, que a su vez genera eco.<\/li>\n<li>Grabar en un entorno con sof\u00e1s y cortinas tambi\u00e9n puede ayudar a minimizar el ruido externo.<\/li>\n<li>Si usted tiene un lugar silencioso al aire libre para grabar, esto tambi\u00e9n puede ser una opci\u00f3n (aunque si hay mucha brisa, es mejor grabar adentro de un edificio o casa).<\/li>\n<\/ol>\n<p>[\/vc_column_text][\/vc_column][\/vc_row][vc_row][vc_column width=&#8221;1\/3&#8243;][gsf_space desktop=&#8221;35&#8243; tablet=&#8221;30&#8243; tablet_portrait=&#8221;30&#8243; mobile_landscape=&#8221;25&#8243; mobile=&#8221;25&#8243;][gsf_heading layout_style=&#8221;style-3&#8243; text_align=&#8221;text-left justify-content-start&#8221; title=&#8221;VGlua3V5dGElMjBhdGl5&#8243; title_color=&#8221;#ffecd1&#8243; title_font_size=&#8221;48|48|34|34|30&#8243; title_line_height=&#8221;1.33|em&#8221; sub_title_font_size=&#8221;18&#8243;][vc_column_text]<\/p>\n<p>This collection is intended to be inclusive, in order to introduce new readers to a broad range of poets. Please <a href=\"https:\/\/staging.musuqilla.info\/en\/contact\/\">contact us<\/a> if you wish to make suggestions for additions to this collection, or if you are listed here and wish to be removed.<\/p>\n<p>Please upload your files to a file hosting service such as <a href=\"http:\/\/wetransfer.com\" target=\"_blank\" rel=\"noopener\">WeTransfer<\/a>, <a href=\"https:\/\/drive.google.com\/\" target=\"_blank\" rel=\"noopener\">Google Drive<\/a> or <a href=\"https:\/\/www.dropbox.com\/\" target=\"_blank\" rel=\"noopener\">Dropbox<\/a> and include the file sharing link in the message body here.<\/p>\n<p>[\/vc_column_text][\/vc_column][vc_column width=&#8221;2\/3&#8243;][gsf_space desktop=&#8221;45&#8243; tablet=&#8221;40&#8243; tablet_portrait=&#8221;40&#8243; mobile_landscape=&#8221;35&#8243; mobile=&#8221;35&#8243;]\n<div class=\"wpcf7 no-js\" id=\"wpcf7-f5259-o1\" lang=\"quz-PE\" dir=\"ltr\" data-wpcf7-id=\"5259\">\n<div class=\"screen-reader-response\"><p role=\"status\" aria-live=\"polite\" aria-atomic=\"true\"><\/p> <ul><\/ul><\/div>\n<form action=\"\/en\/wp-json\/wp\/v2\/pages\/5252#wpcf7-f5259-o1\" method=\"post\" class=\"wpcf7-form init\" aria-label=\"Contact form\" novalidate=\"novalidate\" data-status=\"init\">\n<fieldset class=\"hidden-fields-container\"><input type=\"hidden\" name=\"_wpcf7\" value=\"5259\" \/><input type=\"hidden\" name=\"_wpcf7_version\" value=\"6.1.6\" \/><input type=\"hidden\" name=\"_wpcf7_locale\" value=\"quz_PE\" \/><input type=\"hidden\" name=\"_wpcf7_unit_tag\" value=\"wpcf7-f5259-o1\" \/><input type=\"hidden\" name=\"_wpcf7_container_post\" value=\"0\" \/><input type=\"hidden\" name=\"_wpcf7_posted_data_hash\" value=\"\" \/>\n<\/fieldset>\n<div class=\"gsf-contact-form form-style-3 clearfix row\">\n\t<div class=\"ct-field ct-firstname col-md-6 col-sm-12\">\n\t\t<p><span class=\"wpcf7-form-control-wrap\" data-name=\"your-first-name\"><input size=\"40\" maxlength=\"400\" class=\"wpcf7-form-control wpcf7-text wpcf7-validates-as-required\" aria-required=\"true\" aria-invalid=\"false\" placeholder=\"Suti\" value=\"\" type=\"text\" name=\"your-first-name\" \/><\/span>\n\t\t<\/p>\n\t<\/div>\n\t<div class=\"ct-field ct-lastname col-md-6 col-sm-12\">\n\t\t<p><span class=\"wpcf7-form-control-wrap\" data-name=\"your-last-name\"><input size=\"40\" maxlength=\"400\" class=\"wpcf7-form-control wpcf7-text wpcf7-validates-as-required\" aria-required=\"true\" aria-invalid=\"false\" placeholder=\"Ayllu Suti\" value=\"\" type=\"text\" name=\"your-last-name\" \/><\/span>\n\t\t<\/p>\n\t<\/div>\n\t<div class=\"ct-field ct-email col-sm-12\">\n\t\t<p><span class=\"wpcf7-form-control-wrap\" data-name=\"your-email\"><input size=\"40\" maxlength=\"400\" class=\"wpcf7-form-control wpcf7-email wpcf7-validates-as-required wpcf7-text wpcf7-validates-as-email\" aria-required=\"true\" aria-invalid=\"false\" placeholder=\"Kuriyu (correo electr\u00f3nico)\" value=\"\" type=\"email\" name=\"your-email\" \/><\/span>\n\t\t<\/p>\n\t<\/div>\n\t<div class=\"ct-field ct-subject col-sm-12\">\n\t\t<p><span class=\"wpcf7-form-control-wrap\" data-name=\"your-subject\"><input size=\"40\" maxlength=\"400\" class=\"wpcf7-form-control wpcf7-text\" aria-invalid=\"false\" placeholder=\"Rimana (tema)\" value=\"\" type=\"text\" name=\"your-subject\" \/><\/span>\n\t\t<\/p>\n\t<\/div>\n\t<div class=\"ct-field ct-message col-12\">\n\t\t<p><span class=\"wpcf7-form-control-wrap\" data-name=\"your-message\"><textarea cols=\"40\" rows=\"10\" maxlength=\"2000\" class=\"wpcf7-form-control wpcf7-textarea wpcf7-validates-as-required\" aria-required=\"true\" aria-invalid=\"false\" placeholder=\"Kaypi hamutay (kutichiy) atinki\" name=\"your-message\"><\/textarea><\/span>\n\t\t<\/p>\n\t<\/div>\n\t<div class=\"ct-field ct-submit col-12 text-left\">\n\t\t<p><button type =\"submit\" class=\"btn btn-accent btn-outline btn-square btn-sm btn-icon-right\">APACHIY<i class=\"fal fa-chevron-double-right\"><\/i><\/button>\n\t\t<\/p>\n\t<\/div>\n<\/div><p style=\"display: none !important;\" class=\"akismet-fields-container\" data-prefix=\"_wpcf7_ak_\"><label>&#916;<textarea name=\"_wpcf7_ak_hp_textarea\" cols=\"45\" rows=\"8\" maxlength=\"100\"><\/textarea><\/label><input type=\"hidden\" id=\"ak_js_1\" name=\"_wpcf7_ak_js\" value=\"125\"\/><script type=\"text\/javascript\">\n\/* <![CDATA[ *\/\ndocument.getElementById( \"ak_js_1\" ).setAttribute( \"value\", ( new Date() ).getTime() );\n\/* ]]> *\/\n<\/script>\n<\/p><div class=\"wpcf7-response-output\" aria-hidden=\"true\"><\/div>\n<\/form>\n<\/div>\n[\/vc_column][\/vc_row][vc_row][vc_column][gsf_space desktop=&#8221;120&#8243; tablet=&#8221;100&#8243; tablet_portrait=&#8221;90&#8243; mobile_landscape=&#8221;80&#8243; mobile=&#8221;70&#8243;][\/vc_column][\/vc_row]<\/p>\n<\/div>","protected":false},"excerpt":{"rendered":"<p>[vc_row][vc_column][gsf_space desktop=&#8221;35&#8243; tablet=&#8221;30&#8243; tablet_portrait=&#8221;30&#8243; mobile_landscape=&#8221;25&#8243; mobile=&#8221;25&#8243;][vc_column_text el_class=&#8221;&#8221;] Instrucciones para autores Gracias por su inter\u00e9s en publicar su poes\u00eda en el proyecto colectivo de humanidades digitales Musuq Illa. Para que podamos [&hellip;]<\/p>\n","protected":false},"author":1,"featured_media":0,"parent":0,"menu_order":0,"comment_status":"closed","ping_status":"closed","template":"","meta":{"_monsterinsights_skip_tracking":false,"_monsterinsights_sitenote_active":false,"_monsterinsights_sitenote_note":"","_monsterinsights_sitenote_category":0,"footnotes":""},"class_list":["post-5252","page","type-page","status-publish","hentry"],"yoast_head":"<!-- This site is optimized with the Yoast SEO plugin v27.6 - https:\/\/yoast.com\/product\/yoast-seo-wordpress\/ -->\n<title>Submission Guidelines - Musuq Illa<\/title>\n<meta name=\"description\" content=\"Gracias por su inter\u00e9s en publicar su poes\u00eda en el proyecto colectivo de humanidades digitales Musuq Illa. Para que podamos considerar su entrega favor de enviar los siguientes elementos\" \/>\n<meta name=\"robots\" content=\"noindex, follow, max-snippet:-1, max-image-preview:large, max-video-preview:-1\" \/>\n<meta property=\"og:locale\" content=\"en_US\" \/>\n<meta property=\"og:type\" content=\"article\" \/>\n<meta property=\"og:title\" content=\"Musuq Illa - Submission Guidelines\" \/>\n<meta property=\"og:description\" content=\"Gracias por su inter\u00e9s en publicar su poes\u00eda en el proyecto colectivo de humanidades digitales Musuq Illa. Para que podamos considerar su entrega favor de enviar los siguientes elementos:\" \/>\n<meta property=\"og:url\" content=\"https:\/\/staging.musuqilla.info\/en\/submission-guidelines\/\" \/>\n<meta property=\"og:site_name\" content=\"Musuq Illa\" \/>\n<meta property=\"article:modified_time\" content=\"2024-06-27T20:34:55+00:00\" \/>\n<meta property=\"og:image\" content=\"https:\/\/staging.musuqilla.info\/wp-content\/uploads\/2021\/05\/musuqilla.info_Facebook_Sharing_SubmissionGuidelines_en_US.png\" \/>\n\t<meta property=\"og:image:width\" content=\"2880\" \/>\n\t<meta property=\"og:image:height\" content=\"1800\" \/>\n\t<meta property=\"og:image:type\" content=\"image\/png\" \/>\n<meta name=\"twitter:card\" content=\"summary_large_image\" \/>\n<meta name=\"twitter:title\" content=\"Musuq Illa - Submission Guidelines\" \/>\n<meta name=\"twitter:description\" content=\"Gracias por su inter\u00e9s en publicar su poes\u00eda en el proyecto colectivo de humanidades digitales Musuq Illa. Para que podamos considerar su entrega favor de enviar los siguientes elementos:\" \/>\n<meta name=\"twitter:image\" content=\"https:\/\/staging.musuqilla.info\/wp-content\/uploads\/2021\/05\/musuqilla.info_Facebook_Sharing_SubmissionGuidelines_en_US.png\" \/>\n<meta name=\"twitter:site\" content=\"@MusuqIlla\" \/>\n<meta name=\"twitter:label1\" content=\"Est. reading time\" \/>\n\t<meta name=\"twitter:data1\" content=\"4 minutes\" \/>\n<script type=\"application\/ld+json\" class=\"yoast-schema-graph\">{\"@context\":\"https:\\\/\\\/schema.org\",\"@graph\":[{\"@type\":[\"WebPage\",\"QAPage\"],\"@id\":\"https:\\\/\\\/staging.musuqilla.info\\\/en\\\/submission-guidelines\\\/\",\"url\":\"https:\\\/\\\/staging.musuqilla.info\\\/en\\\/submission-guidelines\\\/\",\"name\":\"Submission Guidelines - Musuq Illa\",\"isPartOf\":{\"@id\":\"https:\\\/\\\/staging.musuqilla.info\\\/en\\\/#website\"},\"datePublished\":\"2021-03-27T00:12:12+00:00\",\"dateModified\":\"2024-06-27T20:34:55+00:00\",\"description\":\"Gracias por su inter\u00e9s en publicar su poes\u00eda en el proyecto colectivo de humanidades digitales Musuq Illa. Para que podamos considerar su entrega favor de enviar los siguientes elementos\",\"breadcrumb\":{\"@id\":\"https:\\\/\\\/staging.musuqilla.info\\\/en\\\/submission-guidelines\\\/#breadcrumb\"},\"inLanguage\":\"en-US\",\"potentialAction\":[{\"@type\":\"ReadAction\",\"target\":[\"https:\\\/\\\/staging.musuqilla.info\\\/en\\\/submission-guidelines\\\/\"]}]},{\"@type\":\"BreadcrumbList\",\"@id\":\"https:\\\/\\\/staging.musuqilla.info\\\/en\\\/submission-guidelines\\\/#breadcrumb\",\"itemListElement\":[{\"@type\":\"ListItem\",\"position\":1,\"name\":\"Home\",\"item\":\"https:\\\/\\\/staging.musuqilla.info\\\/en\\\/\"},{\"@type\":\"ListItem\",\"position\":2,\"name\":\"Submission Guidelines\"}]},{\"@type\":\"WebSite\",\"@id\":\"https:\\\/\\\/staging.musuqilla.info\\\/en\\\/#website\",\"url\":\"https:\\\/\\\/staging.musuqilla.info\\\/en\\\/\",\"name\":\"Musuq Illa\",\"description\":\"Harawikuna runasimipi\",\"publisher\":{\"@id\":\"https:\\\/\\\/staging.musuqilla.info\\\/en\\\/#organization\"},\"potentialAction\":[{\"@type\":\"SearchAction\",\"target\":{\"@type\":\"EntryPoint\",\"urlTemplate\":\"https:\\\/\\\/staging.musuqilla.info\\\/en\\\/?s={search_term_string}\"},\"query-input\":{\"@type\":\"PropertyValueSpecification\",\"valueRequired\":true,\"valueName\":\"search_term_string\"}}],\"inLanguage\":\"en-US\"},{\"@type\":\"Organization\",\"@id\":\"https:\\\/\\\/staging.musuqilla.info\\\/en\\\/#organization\",\"name\":\"Musuq Illa\",\"url\":\"https:\\\/\\\/staging.musuqilla.info\\\/en\\\/\",\"logo\":{\"@type\":\"ImageObject\",\"inLanguage\":\"en-US\",\"@id\":\"https:\\\/\\\/staging.musuqilla.info\\\/en\\\/#\\\/schema\\\/logo\\\/image\\\/\",\"url\":\"https:\\\/\\\/i0.wp.com\\\/musuqilla.info\\\/wp-content\\\/uploads\\\/2020\\\/11\\\/musuq_illa_masthead_logo_txt_E_2x_smaller.png?fit=348%2C264&ssl=1\",\"contentUrl\":\"https:\\\/\\\/i0.wp.com\\\/musuqilla.info\\\/wp-content\\\/uploads\\\/2020\\\/11\\\/musuq_illa_masthead_logo_txt_E_2x_smaller.png?fit=348%2C264&ssl=1\",\"width\":348,\"height\":264,\"caption\":\"Musuq Illa\"},\"image\":{\"@id\":\"https:\\\/\\\/staging.musuqilla.info\\\/en\\\/#\\\/schema\\\/logo\\\/image\\\/\"},\"sameAs\":[\"https:\\\/\\\/x.com\\\/MusuqIlla\"]}]}<\/script>\n<!-- \/ Yoast SEO plugin. -->","yoast_head_json":{"title":"Submission Guidelines - Musuq Illa","description":"Gracias por su inter\u00e9s en publicar su poes\u00eda en el proyecto colectivo de humanidades digitales Musuq Illa. Para que podamos considerar su entrega favor de enviar los siguientes elementos","robots":{"index":"noindex","follow":"follow","max-snippet":"max-snippet:-1","max-image-preview":"max-image-preview:large","max-video-preview":"max-video-preview:-1"},"og_locale":"en_US","og_type":"article","og_title":"Musuq Illa - Submission Guidelines","og_description":"Gracias por su inter\u00e9s en publicar su poes\u00eda en el proyecto colectivo de humanidades digitales Musuq Illa. Para que podamos considerar su entrega favor de enviar los siguientes elementos:","og_url":"https:\/\/staging.musuqilla.info\/en\/submission-guidelines\/","og_site_name":"Musuq Illa","article_modified_time":"2024-06-27T20:34:55+00:00","og_image":[{"width":2880,"height":1800,"url":"https:\/\/staging.musuqilla.info\/wp-content\/uploads\/2021\/05\/musuqilla.info_Facebook_Sharing_SubmissionGuidelines_en_US.png","type":"image\/png"}],"twitter_card":"summary_large_image","twitter_title":"Musuq Illa - Submission Guidelines","twitter_description":"Gracias por su inter\u00e9s en publicar su poes\u00eda en el proyecto colectivo de humanidades digitales Musuq Illa. Para que podamos considerar su entrega favor de enviar los siguientes elementos:","twitter_image":"https:\/\/staging.musuqilla.info\/wp-content\/uploads\/2021\/05\/musuqilla.info_Facebook_Sharing_SubmissionGuidelines_en_US.png","twitter_site":"@MusuqIlla","twitter_misc":{"Est. reading time":"4 minutes"},"schema":{"@context":"https:\/\/schema.org","@graph":[{"@type":["WebPage","QAPage"],"@id":"https:\/\/staging.musuqilla.info\/en\/submission-guidelines\/","url":"https:\/\/staging.musuqilla.info\/en\/submission-guidelines\/","name":"Submission Guidelines - Musuq Illa","isPartOf":{"@id":"https:\/\/staging.musuqilla.info\/en\/#website"},"datePublished":"2021-03-27T00:12:12+00:00","dateModified":"2024-06-27T20:34:55+00:00","description":"Gracias por su inter\u00e9s en publicar su poes\u00eda en el proyecto colectivo de humanidades digitales Musuq Illa. Para que podamos considerar su entrega favor de enviar los siguientes elementos","breadcrumb":{"@id":"https:\/\/staging.musuqilla.info\/en\/submission-guidelines\/#breadcrumb"},"inLanguage":"en-US","potentialAction":[{"@type":"ReadAction","target":["https:\/\/staging.musuqilla.info\/en\/submission-guidelines\/"]}]},{"@type":"BreadcrumbList","@id":"https:\/\/staging.musuqilla.info\/en\/submission-guidelines\/#breadcrumb","itemListElement":[{"@type":"ListItem","position":1,"name":"Home","item":"https:\/\/staging.musuqilla.info\/en\/"},{"@type":"ListItem","position":2,"name":"Submission Guidelines"}]},{"@type":"WebSite","@id":"https:\/\/staging.musuqilla.info\/en\/#website","url":"https:\/\/staging.musuqilla.info\/en\/","name":"Musuq Illa","description":"Harawikuna runasimipi","publisher":{"@id":"https:\/\/staging.musuqilla.info\/en\/#organization"},"potentialAction":[{"@type":"SearchAction","target":{"@type":"EntryPoint","urlTemplate":"https:\/\/staging.musuqilla.info\/en\/?s={search_term_string}"},"query-input":{"@type":"PropertyValueSpecification","valueRequired":true,"valueName":"search_term_string"}}],"inLanguage":"en-US"},{"@type":"Organization","@id":"https:\/\/staging.musuqilla.info\/en\/#organization","name":"Musuq Illa","url":"https:\/\/staging.musuqilla.info\/en\/","logo":{"@type":"ImageObject","inLanguage":"en-US","@id":"https:\/\/staging.musuqilla.info\/en\/#\/schema\/logo\/image\/","url":"https:\/\/i0.wp.com\/musuqilla.info\/wp-content\/uploads\/2020\/11\/musuq_illa_masthead_logo_txt_E_2x_smaller.png?fit=348%2C264&ssl=1","contentUrl":"https:\/\/i0.wp.com\/musuqilla.info\/wp-content\/uploads\/2020\/11\/musuq_illa_masthead_logo_txt_E_2x_smaller.png?fit=348%2C264&ssl=1","width":348,"height":264,"caption":"Musuq Illa"},"image":{"@id":"https:\/\/staging.musuqilla.info\/en\/#\/schema\/logo\/image\/"},"sameAs":["https:\/\/x.com\/MusuqIlla"]}]}},"_links":{"self":[{"href":"https:\/\/staging.musuqilla.info\/en\/wp-json\/wp\/v2\/pages\/5252","targetHints":{"allow":["GET"]}}],"collection":[{"href":"https:\/\/staging.musuqilla.info\/en\/wp-json\/wp\/v2\/pages"}],"about":[{"href":"https:\/\/staging.musuqilla.info\/en\/wp-json\/wp\/v2\/types\/page"}],"author":[{"embeddable":true,"href":"https:\/\/staging.musuqilla.info\/en\/wp-json\/wp\/v2\/users\/1"}],"replies":[{"embeddable":true,"href":"https:\/\/staging.musuqilla.info\/en\/wp-json\/wp\/v2\/comments?post=5252"}],"version-history":[{"count":0,"href":"https:\/\/staging.musuqilla.info\/en\/wp-json\/wp\/v2\/pages\/5252\/revisions"}],"wp:attachment":[{"href":"https:\/\/staging.musuqilla.info\/en\/wp-json\/wp\/v2\/media?parent=5252"}],"curies":[{"name":"wp","href":"https:\/\/api.w.org\/{rel}","templated":true}]}}