{"id":6389,"date":"2021-05-20T18:16:23","date_gmt":"2021-05-20T23:16:23","guid":{"rendered":"https:\/\/musuqilla.info\/harawikuna-qulqakuna\/hatariy\/"},"modified":"2021-05-21T13:18:49","modified_gmt":"2021-05-21T18:18:49","slug":"hatariy","status":"publish","type":"product","link":"https:\/\/staging.musuqilla.info\/en\/poem-bookshelf\/hatariy\/","title":{"rendered":"Hatariy"},"content":{"rendered":"","protected":false},"excerpt":{"rendered":"<p>Kay rumipi samachkani kunturkuna phawachkanku<br \/>\n\u00d1awpaq runakuna kaykunapi purirhaku<br \/>\nHatun takikunata ruwaspa qillaspa<br \/>\nAqata upyaspa hatariykusunchikya.<br \/>\nKay rumipi samachkani kunturkuna phawachkanku<br \/>\n\u00d1awpaq runakuna kaykunapi purirhaku<br \/>\nHatun takikunata ruwaspa qillaspa<br \/>\nAqata upyaspa hatariykusunchikya.<br \/>\nM\u00fasica del barrio andino<br \/>\nExpresiones que narran lo que vivimos<br \/>\nSonidos que percibimos<br \/>\nBailes ancestrales en cada camino<br \/>\nCon la fuerza de los andes desde que nacimos<br \/>\nChicha de jora la vitamina desde antes seguimos adelante retumbando el parlante<br \/>\nEsto que no para energ\u00eda sara lawa siempre atento con huaraca que se siente en el alma<br \/>\nEn cada ma\u00f1ana vamos cultivando en cada p\u00e1rrafo la fuerza de lo m\u00e1gico solo si\u00e9ntelo<br \/>\nSaltando con m\u00e1s carnaval ayay chayraq chayraq hamullachkani.<br \/>\nKay rumipi samachkani kunturkuna phawachkanku<br \/>\n\u00d1awpaq runakuna kaykunapi purirqaku<br \/>\nHatun takikunata ruwaspa qillqaspa<br \/>\nAqata upyaspa hatariykusunchikya.<br \/>\nKay rumipi samachkani kunturkuna phawachkanku<br \/>\n\u00d1awpaq runakuna kaykunapi purirqaku<br \/>\nHatun takikunata ruwaspa qillqaspa<br \/>\nAqata upyaspa hatariykusunchikya.<br \/>\nPhawarqamuy llusqirqamuy<br \/>\nCoraz\u00f3n contento es lo que yo siento<br \/>\nQichwapi rimaykuy<br \/>\nEn cada momento la fuerza que nace del sentimiento<br \/>\nUna fiesta de colores en cada lugar que representan la diversidad<br \/>\nTan potente como el canto del harawi<br \/>\nPara poder volar<br \/>\nSolo si\u00e9ntelo movi\u00e9ndonos como el r\u00edo que pasa<br \/>\nEstamos en la casa esto viene de los andes rebeld\u00eda pasando por la avenida<br \/>\nEl arte que se expresa todos con la mano arriba que se escuche bien fuerte y que esto siga.<br \/>\nKay rumipi samachkani kunturkuna phawachkanku<br \/>\n\u00d1awpaq runakuna kaykunapi purirqaku<br \/>\nHatun takikunata ruwaspa qillqaspa<br \/>\nAqata upyaspa hatariykusunchikya.<br \/>\nKay rumipi samachkani kunturkuna phawachkanku<br \/>\n\u00d1awpaq runakuna kaykunapi purirqaku<br \/>\nHatun takikunata ruwaspa qillqaspa<br \/>\nAqata upyaspa hatariykusunchikya.<br \/>\nKusi kaylla uyarichaykuy<br \/>\nKusi kaylla kayta urarichaykuy<br \/>\nKusi kaylla uyarichaykuy<br \/>\nKusi kaylla kayta urarichaykuy<\/p>\n","protected":false},"featured_media":4841,"template":"","meta":{"_monsterinsights_skip_tracking":false,"_monsterinsights_sitenote_active":false,"_monsterinsights_sitenote_note":"","_monsterinsights_sitenote_category":0},"product_brand":[],"product_cat":[277,271,426],"product_tag":[],"press":[],"class_list":{"0":"post-6389","1":"product","2":"type-product","3":"status-publish","4":"has-post-thumbnail","6":"product_author-liberato-kani-en","7":"product_cat-coda","8":"product_cat-musuq-illa-book","9":"product_cat-songs","10":"pa_country-peru","11":"pa_period-twenty-first-century","12":"pa_region-city-apurimac","13":"pa_region-city-lima","15":"first","16":"instock","17":"shipping-taxable","18":"product-type-external"},"yoast_head":"<!-- This site is optimized with the Yoast SEO plugin v27.6 - https:\/\/yoast.com\/product\/yoast-seo-wordpress\/ -->\n<title>Hatariy - Musuq Illa<\/title>\n<meta name=\"robots\" content=\"noindex, follow, max-snippet:-1, max-image-preview:large, max-video-preview:-1\" \/>\n<meta property=\"og:locale\" content=\"en_US\" \/>\n<meta property=\"og:type\" content=\"article\" \/>\n<meta property=\"og:title\" content=\"Hatariy - Musuq Illa\" \/>\n<meta property=\"og:description\" content=\"Kay rumipi samachkani kunturkuna phawachkanku \u00d1awpaq runakuna kaykunapi purirhaku Hatun takikunata ruwaspa qillaspa Aqata upyaspa hatariykusunchikya.  Kay rumipi samachkani kunturkuna phawachkanku \u00d1awpaq runakuna kaykunapi purirhaku Hatun takikunata ruwaspa qillaspa Aqata upyaspa hatariykusunchikya.  M\u00fasica del barrio andino Expresiones que narran lo que vivimos Sonidos que percibimos Bailes ancestrales en cada camino Con la fuerza de los andes desde que nacimos Chicha de jora la vitamina desde antes seguimos adelante retumbando el parlante Esto que no para energ\u00eda sara lawa siempre atento con huaraca que se siente en el alma En cada ma\u00f1ana vamos cultivando en cada p\u00e1rrafo la fuerza de lo m\u00e1gico solo si\u00e9ntelo Saltando con m\u00e1s carnaval ayay chayraq chayraq hamullachkani.  Kay rumipi samachkani kunturkuna phawachkanku \u00d1awpaq runakuna kaykunapi purirqaku Hatun takikunata ruwaspa qillqaspa Aqata upyaspa hatariykusunchikya.  Kay rumipi samachkani kunturkuna phawachkanku \u00d1awpaq runakuna kaykunapi purirqaku Hatun takikunata ruwaspa qillqaspa Aqata upyaspa hatariykusunchikya.  Phawarqamuy llusqirqamuy Coraz\u00f3n contento es lo que yo siento Qichwapi rimaykuy En cada momento la fuerza que nace del sentimiento Una fiesta de colores en cada lugar que representan la diversidad Tan potente como el canto del harawi Para poder volar Solo si\u00e9ntelo movi\u00e9ndonos como el r\u00edo que pasa Estamos en la casa esto viene de los andes rebeld\u00eda pasando por la avenida El arte que se expresa todos con la mano arriba que se escuche bien fuerte y que esto siga.  Kay rumipi samachkani kunturkuna phawachkanku \u00d1awpaq runakuna kaykunapi purirqaku Hatun takikunata ruwaspa qillqaspa Aqata upyaspa hatariykusunchikya.  Kay rumipi samachkani kunturkuna phawachkanku \u00d1awpaq runakuna kaykunapi purirqaku Hatun takikunata ruwaspa qillqaspa Aqata upyaspa hatariykusunchikya.  Kusi kaylla uyarichaykuy Kusi kaylla kayta urarichaykuy Kusi kaylla uyarichaykuy Kusi kaylla kayta urarichaykuy\" \/>\n<meta property=\"og:url\" content=\"https:\/\/staging.musuqilla.info\/en\/poem-bookshelf\/hatariy\/\" \/>\n<meta property=\"og:site_name\" content=\"Musuq Illa\" \/>\n<meta property=\"article:modified_time\" content=\"2021-05-21T18:18:49+00:00\" \/>\n<meta property=\"og:image\" content=\"https:\/\/cdn.musuqilla.info\/wp-content\/uploads\/2021\/03\/21190806\/liberato-kani_taki-kallpa_14f.jpg\" \/>\n\t<meta property=\"og:image:width\" content=\"855\" \/>\n\t<meta property=\"og:image:height\" content=\"1280\" \/>\n\t<meta property=\"og:image:type\" content=\"image\/jpeg\" \/>\n<meta name=\"twitter:card\" content=\"summary_large_image\" \/>\n<meta name=\"twitter:site\" content=\"@MusuqIlla\" \/>\n<script type=\"application\/ld+json\" class=\"yoast-schema-graph\">{\"@context\":\"https:\\\/\\\/schema.org\",\"@graph\":[{\"@type\":\"WebPage\",\"@id\":\"https:\\\/\\\/staging.musuqilla.info\\\/en\\\/poem-bookshelf\\\/hatariy\\\/\",\"url\":\"https:\\\/\\\/staging.musuqilla.info\\\/en\\\/poem-bookshelf\\\/hatariy\\\/\",\"name\":\"Hatariy - Musuq Illa\",\"isPartOf\":{\"@id\":\"https:\\\/\\\/staging.musuqilla.info\\\/en\\\/#website\"},\"primaryImageOfPage\":{\"@id\":\"https:\\\/\\\/staging.musuqilla.info\\\/en\\\/poem-bookshelf\\\/hatariy\\\/#primaryimage\"},\"image\":{\"@id\":\"https:\\\/\\\/staging.musuqilla.info\\\/en\\\/poem-bookshelf\\\/hatariy\\\/#primaryimage\"},\"thumbnailUrl\":\"https:\\\/\\\/staging.musuqilla.info\\\/wp-content\\\/uploads\\\/2021\\\/03\\\/liberato-kani_taki-kallpa_14f.jpg\",\"datePublished\":\"2021-05-20T23:16:23+00:00\",\"dateModified\":\"2021-05-21T18:18:49+00:00\",\"breadcrumb\":{\"@id\":\"https:\\\/\\\/staging.musuqilla.info\\\/en\\\/poem-bookshelf\\\/hatariy\\\/#breadcrumb\"},\"inLanguage\":\"en-US\",\"potentialAction\":[{\"@type\":\"ReadAction\",\"target\":[\"https:\\\/\\\/staging.musuqilla.info\\\/en\\\/poem-bookshelf\\\/hatariy\\\/\"]}]},{\"@type\":\"ImageObject\",\"inLanguage\":\"en-US\",\"@id\":\"https:\\\/\\\/staging.musuqilla.info\\\/en\\\/poem-bookshelf\\\/hatariy\\\/#primaryimage\",\"url\":\"https:\\\/\\\/staging.musuqilla.info\\\/wp-content\\\/uploads\\\/2021\\\/03\\\/liberato-kani_taki-kallpa_14f.jpg\",\"contentUrl\":\"https:\\\/\\\/staging.musuqilla.info\\\/wp-content\\\/uploads\\\/2021\\\/03\\\/liberato-kani_taki-kallpa_14f.jpg\",\"width\":855,\"height\":1280},{\"@type\":\"BreadcrumbList\",\"@id\":\"https:\\\/\\\/staging.musuqilla.info\\\/en\\\/poem-bookshelf\\\/hatariy\\\/#breadcrumb\",\"itemListElement\":[{\"@type\":\"ListItem\",\"position\":1,\"name\":\"Home\",\"item\":\"https:\\\/\\\/staging.musuqilla.info\\\/en\\\/\"},{\"@type\":\"ListItem\",\"position\":2,\"name\":\"Bookshelf\",\"item\":\"https:\\\/\\\/staging.musuqilla.info\\\/en\\\/bookshelf\\\/\"},{\"@type\":\"ListItem\",\"position\":3,\"name\":\"Hatariy\"}]},{\"@type\":\"WebSite\",\"@id\":\"https:\\\/\\\/staging.musuqilla.info\\\/en\\\/#website\",\"url\":\"https:\\\/\\\/staging.musuqilla.info\\\/en\\\/\",\"name\":\"Musuq Illa\",\"description\":\"Harawikuna runasimipi\",\"publisher\":{\"@id\":\"https:\\\/\\\/staging.musuqilla.info\\\/en\\\/#organization\"},\"potentialAction\":[{\"@type\":\"SearchAction\",\"target\":{\"@type\":\"EntryPoint\",\"urlTemplate\":\"https:\\\/\\\/staging.musuqilla.info\\\/en\\\/?s={search_term_string}\"},\"query-input\":{\"@type\":\"PropertyValueSpecification\",\"valueRequired\":true,\"valueName\":\"search_term_string\"}}],\"inLanguage\":\"en-US\"},{\"@type\":\"Organization\",\"@id\":\"https:\\\/\\\/staging.musuqilla.info\\\/en\\\/#organization\",\"name\":\"Musuq Illa\",\"url\":\"https:\\\/\\\/staging.musuqilla.info\\\/en\\\/\",\"logo\":{\"@type\":\"ImageObject\",\"inLanguage\":\"en-US\",\"@id\":\"https:\\\/\\\/staging.musuqilla.info\\\/en\\\/#\\\/schema\\\/logo\\\/image\\\/\",\"url\":\"https:\\\/\\\/i0.wp.com\\\/musuqilla.info\\\/wp-content\\\/uploads\\\/2020\\\/11\\\/musuq_illa_masthead_logo_txt_E_2x_smaller.png?fit=348%2C264&ssl=1\",\"contentUrl\":\"https:\\\/\\\/i0.wp.com\\\/musuqilla.info\\\/wp-content\\\/uploads\\\/2020\\\/11\\\/musuq_illa_masthead_logo_txt_E_2x_smaller.png?fit=348%2C264&ssl=1\",\"width\":348,\"height\":264,\"caption\":\"Musuq Illa\"},\"image\":{\"@id\":\"https:\\\/\\\/staging.musuqilla.info\\\/en\\\/#\\\/schema\\\/logo\\\/image\\\/\"},\"sameAs\":[\"https:\\\/\\\/x.com\\\/MusuqIlla\"]}]}<\/script>\n<!-- \/ Yoast SEO plugin. -->","yoast_head_json":{"title":"Hatariy - Musuq Illa","robots":{"index":"noindex","follow":"follow","max-snippet":"max-snippet:-1","max-image-preview":"max-image-preview:large","max-video-preview":"max-video-preview:-1"},"og_locale":"en_US","og_type":"article","og_title":"Hatariy - Musuq Illa","og_description":"Kay rumipi samachkani kunturkuna phawachkanku \u00d1awpaq runakuna kaykunapi purirhaku Hatun takikunata ruwaspa qillaspa Aqata upyaspa hatariykusunchikya.  Kay rumipi samachkani kunturkuna phawachkanku \u00d1awpaq runakuna kaykunapi purirhaku Hatun takikunata ruwaspa qillaspa Aqata upyaspa hatariykusunchikya.  M\u00fasica del barrio andino Expresiones que narran lo que vivimos Sonidos que percibimos Bailes ancestrales en cada camino Con la fuerza de los andes desde que nacimos Chicha de jora la vitamina desde antes seguimos adelante retumbando el parlante Esto que no para energ\u00eda sara lawa siempre atento con huaraca que se siente en el alma En cada ma\u00f1ana vamos cultivando en cada p\u00e1rrafo la fuerza de lo m\u00e1gico solo si\u00e9ntelo Saltando con m\u00e1s carnaval ayay chayraq chayraq hamullachkani.  Kay rumipi samachkani kunturkuna phawachkanku \u00d1awpaq runakuna kaykunapi purirqaku Hatun takikunata ruwaspa qillqaspa Aqata upyaspa hatariykusunchikya.  Kay rumipi samachkani kunturkuna phawachkanku \u00d1awpaq runakuna kaykunapi purirqaku Hatun takikunata ruwaspa qillqaspa Aqata upyaspa hatariykusunchikya.  Phawarqamuy llusqirqamuy Coraz\u00f3n contento es lo que yo siento Qichwapi rimaykuy En cada momento la fuerza que nace del sentimiento Una fiesta de colores en cada lugar que representan la diversidad Tan potente como el canto del harawi Para poder volar Solo si\u00e9ntelo movi\u00e9ndonos como el r\u00edo que pasa Estamos en la casa esto viene de los andes rebeld\u00eda pasando por la avenida El arte que se expresa todos con la mano arriba que se escuche bien fuerte y que esto siga.  Kay rumipi samachkani kunturkuna phawachkanku \u00d1awpaq runakuna kaykunapi purirqaku Hatun takikunata ruwaspa qillqaspa Aqata upyaspa hatariykusunchikya.  Kay rumipi samachkani kunturkuna phawachkanku \u00d1awpaq runakuna kaykunapi purirqaku Hatun takikunata ruwaspa qillqaspa Aqata upyaspa hatariykusunchikya.  Kusi kaylla uyarichaykuy Kusi kaylla kayta urarichaykuy Kusi kaylla uyarichaykuy Kusi kaylla kayta urarichaykuy","og_url":"https:\/\/staging.musuqilla.info\/en\/poem-bookshelf\/hatariy\/","og_site_name":"Musuq Illa","article_modified_time":"2021-05-21T18:18:49+00:00","og_image":[{"width":855,"height":1280,"url":"https:\/\/cdn.musuqilla.info\/wp-content\/uploads\/2021\/03\/21190806\/liberato-kani_taki-kallpa_14f.jpg","type":"image\/jpeg"}],"twitter_card":"summary_large_image","twitter_site":"@MusuqIlla","schema":{"@context":"https:\/\/schema.org","@graph":[{"@type":"WebPage","@id":"https:\/\/staging.musuqilla.info\/en\/poem-bookshelf\/hatariy\/","url":"https:\/\/staging.musuqilla.info\/en\/poem-bookshelf\/hatariy\/","name":"Hatariy - Musuq Illa","isPartOf":{"@id":"https:\/\/staging.musuqilla.info\/en\/#website"},"primaryImageOfPage":{"@id":"https:\/\/staging.musuqilla.info\/en\/poem-bookshelf\/hatariy\/#primaryimage"},"image":{"@id":"https:\/\/staging.musuqilla.info\/en\/poem-bookshelf\/hatariy\/#primaryimage"},"thumbnailUrl":"https:\/\/staging.musuqilla.info\/wp-content\/uploads\/2021\/03\/liberato-kani_taki-kallpa_14f.jpg","datePublished":"2021-05-20T23:16:23+00:00","dateModified":"2021-05-21T18:18:49+00:00","breadcrumb":{"@id":"https:\/\/staging.musuqilla.info\/en\/poem-bookshelf\/hatariy\/#breadcrumb"},"inLanguage":"en-US","potentialAction":[{"@type":"ReadAction","target":["https:\/\/staging.musuqilla.info\/en\/poem-bookshelf\/hatariy\/"]}]},{"@type":"ImageObject","inLanguage":"en-US","@id":"https:\/\/staging.musuqilla.info\/en\/poem-bookshelf\/hatariy\/#primaryimage","url":"https:\/\/staging.musuqilla.info\/wp-content\/uploads\/2021\/03\/liberato-kani_taki-kallpa_14f.jpg","contentUrl":"https:\/\/staging.musuqilla.info\/wp-content\/uploads\/2021\/03\/liberato-kani_taki-kallpa_14f.jpg","width":855,"height":1280},{"@type":"BreadcrumbList","@id":"https:\/\/staging.musuqilla.info\/en\/poem-bookshelf\/hatariy\/#breadcrumb","itemListElement":[{"@type":"ListItem","position":1,"name":"Home","item":"https:\/\/staging.musuqilla.info\/en\/"},{"@type":"ListItem","position":2,"name":"Bookshelf","item":"https:\/\/staging.musuqilla.info\/en\/bookshelf\/"},{"@type":"ListItem","position":3,"name":"Hatariy"}]},{"@type":"WebSite","@id":"https:\/\/staging.musuqilla.info\/en\/#website","url":"https:\/\/staging.musuqilla.info\/en\/","name":"Musuq Illa","description":"Harawikuna runasimipi","publisher":{"@id":"https:\/\/staging.musuqilla.info\/en\/#organization"},"potentialAction":[{"@type":"SearchAction","target":{"@type":"EntryPoint","urlTemplate":"https:\/\/staging.musuqilla.info\/en\/?s={search_term_string}"},"query-input":{"@type":"PropertyValueSpecification","valueRequired":true,"valueName":"search_term_string"}}],"inLanguage":"en-US"},{"@type":"Organization","@id":"https:\/\/staging.musuqilla.info\/en\/#organization","name":"Musuq Illa","url":"https:\/\/staging.musuqilla.info\/en\/","logo":{"@type":"ImageObject","inLanguage":"en-US","@id":"https:\/\/staging.musuqilla.info\/en\/#\/schema\/logo\/image\/","url":"https:\/\/i0.wp.com\/musuqilla.info\/wp-content\/uploads\/2020\/11\/musuq_illa_masthead_logo_txt_E_2x_smaller.png?fit=348%2C264&ssl=1","contentUrl":"https:\/\/i0.wp.com\/musuqilla.info\/wp-content\/uploads\/2020\/11\/musuq_illa_masthead_logo_txt_E_2x_smaller.png?fit=348%2C264&ssl=1","width":348,"height":264,"caption":"Musuq Illa"},"image":{"@id":"https:\/\/staging.musuqilla.info\/en\/#\/schema\/logo\/image\/"},"sameAs":["https:\/\/x.com\/MusuqIlla"]}]}},"_links":{"self":[{"href":"https:\/\/staging.musuqilla.info\/en\/wp-json\/wp\/v2\/product\/6389","targetHints":{"allow":["GET"]}}],"collection":[{"href":"https:\/\/staging.musuqilla.info\/en\/wp-json\/wp\/v2\/product"}],"about":[{"href":"https:\/\/staging.musuqilla.info\/en\/wp-json\/wp\/v2\/types\/product"}],"wp:featuredmedia":[{"embeddable":true,"href":"https:\/\/staging.musuqilla.info\/en\/wp-json\/wp\/v2\/media\/4841"}],"wp:attachment":[{"href":"https:\/\/staging.musuqilla.info\/en\/wp-json\/wp\/v2\/media?parent=6389"}],"wp:term":[{"taxonomy":"product_brand","embeddable":true,"href":"https:\/\/staging.musuqilla.info\/en\/wp-json\/wp\/v2\/product_brand?post=6389"},{"taxonomy":"product_cat","embeddable":true,"href":"https:\/\/staging.musuqilla.info\/en\/wp-json\/wp\/v2\/product_cat?post=6389"},{"taxonomy":"product_tag","embeddable":true,"href":"https:\/\/staging.musuqilla.info\/en\/wp-json\/wp\/v2\/product_tag?post=6389"},{"taxonomy":"press","embeddable":true,"href":"https:\/\/staging.musuqilla.info\/en\/wp-json\/wp\/v2\/press?post=6389"}],"curies":[{"name":"wp","href":"https:\/\/api.w.org\/{rel}","templated":true}]}}