{"id":6815,"date":"2021-07-16T16:55:28","date_gmt":"2021-07-16T21:55:28","guid":{"rendered":"https:\/\/musuqilla.info\/?post_type=product&p=6815"},"modified":"2021-07-16T16:55:28","modified_gmt":"2021-07-16T21:55:28","slug":"qunqay-yaku-unucha","status":"publish","type":"product","link":"https:\/\/staging.musuqilla.info\/en\/poem-bookshelf\/qunqay-yaku-unucha\/","title":{"rendered":"Qunqay Yaku Unucha"},"content":{"rendered":"","protected":false},"excerpt":{"rendered":"<p>Munawankiraq chayqa<br \/>\nachikhariypa llanllariynin urpillay<br \/>\nas k\u2019anchariychawan<br \/>\nmayu killa raymi punchawpi<br \/>\nyana thutata phanchirichiy<br \/>\nkicharisqa \u00f1awi ruruykipitaq<br \/>\nyuyariypa raphinta waqaychay.<br \/>\nWaylluwankiraq chayqa<br \/>\niphuparaq munakuynin sunqullay<br \/>\nqunqay yaku unuchawan<br \/>\nchiri punchawkunapi<br \/>\nsaraq ch\u2019akiyninta thasnurimuy<br \/>\nllanpu makiykipitaq<br \/>\ncharanguq tinkuyninta thapachay.<br \/>\nP\u2019unchawtaq qallarin chayqa<br \/>\nshullaq wayllukuynin munakuqllay<br \/>\n\u00bfimanasqan unuchasqa pukyupi<br \/>\nsunqu suwa kayniykiwan<br \/>\nyuyaymananta kicharispa<br \/>\nyawarchasqa tarukaq harawinta<br \/>\nkunturkunaman willamunkichu?.<br \/>\nChaypiraq tarikunki chayqa yanallay<br \/>\n purun urpiq kurururuynin<br \/>\n\u00bfimanaqtinmi Titiqaqa qocha patapi<br \/>\nkusi sunquykiwan<br \/>\nama\u00f1a phi\u00f1akuspa<br \/>\nsumay sumaq wallatamanta<br \/>\natuqman rimapayankichu?,<br \/>\n\u00f1ataq qunchuparaqa<br \/>\nlliw tiqsimuyupi<br \/>\nphi\u00f1akuyninta mast\u2019arimun\u00f1a.<br \/>\nKaypiraqtaq kanki chayqa sunqullay<br \/>\nachikhariypi illariy<br \/>\nwi\u00f1ay pachaq makinpi k\u2019anchariq quyllur<br \/>\n\u00bfimanasqan ancha kusikuywan<br \/>\nnina rawraq qawayniykiwanpas<br \/>\n\u00f1ak\u2019arisqayta thanichispa<br \/>\nurpiq kurururuyninta llanllarichinkichu?,<br \/>\n\u00f1ataq qatipayasqa hakaqlluqa<br \/>\nqaqa k\u2019itkukunapi<br \/>\npu\u00f1unanta t\u2019oqoramun\u00f1a.<br \/>\nQanpiraq kani chayqa tortolitay<br \/>\npurunkunapi allin qura<br \/>\njunio killa chisiyaykunapi wayllurinakuy<br \/>\n\u00bfimanaqtinmi violinpa tinkuyninwan<br \/>\nmusuquyniykiq llipikhninwanpas<br \/>\nyuyariyniykita p\u2019istuykuspa<br \/>\nhuk harawita takimunkichu?.<br \/>\n\u00f1ataq achikyaryqa<br \/>\nsara parwankunapi<br \/>\nmusquykunata chikllichimun\u00f1a.<br \/>\n\u00d1uqapiraq kanchi chayqa paqpakitay<br \/>\nyana \u00f1awi wiku\u00f1acha<br \/>\nqatakunapi purun wayta<br \/>\n\u00bfimanasqan allin kayniykiwan<br \/>\nqunqasqa k\u2019uchukunapi<br \/>\nllakiyniyta thasnuspa<br \/>\nharawita tinkunkichu?<br \/>\n\u00f1ataq pillpikunaqa<br \/>\npukyuq wiksankunapi<br \/>\nwayllunakuyta pakaramun\u00f1a.<br \/>\nHina kaqtinqa, puka waytacha<br \/>\nmisk\u2019i simi urpillay<br \/>\nupallaypa qapariynin<br \/>\nrawrariq \u00f1awiykiwan<br \/>\nmusquyniykuta llanllarichiy,<br \/>\nqayra michiq phi\u00f1akuyninwantaq<br \/>\nrit\u2019i urqukunapi<br \/>\nantawaraq qichiphranpipas<br \/>\nllaqtakuna hatarichunku,<br \/>\nmana allin ruwaykunawanmi<br \/>\nsaqrakunaq millay kayninwan<br \/>\nllunk\u2019u runakunaq awqayninwanpas<br \/>\nsinchitapuni \u00f1ak\u2019ariyku;<br \/>\nhina kaqtinqa, yuraq clavelina<br \/>\nsunqu ruru munay wayta<br \/>\nqunqasqa k\u2019uchukunapi<br \/>\nllanllariq hanaq pacha<br \/>\npinchinkuruq \u00f1awichaykiwan<br \/>\nmusuq kawsayta kicharispa<br \/>\nmunakuyniyta raphapapachiy,<br \/>\nrunakunaq rimayninwantaq<br \/>\nmakinkuta hu\u00f1urispa<br \/>\nVilcanota orqokuna<br \/>\nmillay kawsayta p\u2019anparinakupaq<br \/>\nPumawanka punku kicharikuchun,<br \/>\nyana ankakunataq<br \/>\nllapa phi\u00f1akuyninkuwan<br \/>\nyachaysapa kayninkuta mast\u2019arispa<br \/>\nallin hamut\u2019ayta paqarichimuchunku\u2026<\/p>\n","protected":false},"featured_media":6812,"template":"","meta":{"_monsterinsights_skip_tracking":false,"_monsterinsights_sitenote_active":false,"_monsterinsights_sitenote_note":"","_monsterinsights_sitenote_category":0},"product_brand":[],"product_cat":[273,271,103],"product_tag":[],"press":[],"class_list":{"0":"post-6815","1":"product","2":"type-product","3":"status-publish","4":"has-post-thumbnail","6":"product_author-washington-cordova-huaman-en","7":"product_cat-chapter-1","8":"product_cat-musuq-illa-book","9":"product_cat-poems","10":"pa_country-peru","11":"pa_form-free-verse","12":"pa_period-twenty-first-century","13":"pa_region-city-apurimac","14":"pa_theme-andean-flora-and-fauna","15":"pa_theme-andean-landscape","16":"pa_theme-love-intimacy","18":"first","19":"instock","20":"shipping-taxable","21":"product-type-external"},"yoast_head":"<!-- This site is optimized with the Yoast SEO plugin v27.6 - https:\/\/yoast.com\/product\/yoast-seo-wordpress\/ -->\n<title>Qunqay Yaku Unucha - Musuq Illa<\/title>\n<meta name=\"robots\" content=\"noindex, follow, max-snippet:-1, max-image-preview:large, max-video-preview:-1\" \/>\n<meta property=\"og:locale\" content=\"en_US\" \/>\n<meta property=\"og:type\" content=\"article\" \/>\n<meta property=\"og:title\" content=\"Qunqay Yaku Unucha - Musuq Illa\" \/>\n<meta property=\"og:description\" content=\"Munawankiraq chayqa achikhariypa llanllariynin urpillay as k\u2019anchariychawan mayu killa raymi punchawpi yana thutata phanchirichiy kicharisqa \u00f1awi ruruykipitaq yuyariypa raphinta waqaychay. Waylluwankiraq chayqa iphuparaq munakuynin sunqullay qunqay yaku unuchawan chiri punchawkunapi saraq ch\u2019akiyninta thasnurimuy llanpu makiykipitaq charanguq tinkuyninta thapachay. P\u2019unchawtaq qallarin chayqa shullaq wayllukuynin munakuqllay \u00bfimanasqan unuchasqa pukyupi sunqu suwa kayniykiwan yuyaymananta kicharispa yawarchasqa tarukaq harawinta kunturkunaman willamunkichu?. Chaypiraq tarikunki chayqa yanallay  purun urpiq kurururuynin \u00bfimanaqtinmi Titiqaqa qocha patapi kusi sunquykiwan ama\u00f1a phi\u00f1akuspa sumay sumaq wallatamanta atuqman rimapayankichu?, \u00f1ataq qunchuparaqa lliw tiqsimuyupi phi\u00f1akuyninta mast\u2019arimun\u00f1a. Kaypiraqtaq kanki chayqa sunqullay achikhariypi illariy wi\u00f1ay pachaq makinpi k\u2019anchariq quyllur \u00bfimanasqan ancha kusikuywan nina rawraq qawayniykiwanpas \u00f1ak\u2019arisqayta thanichispa urpiq kurururuyninta llanllarichinkichu?, \u00f1ataq qatipayasqa hakaqlluqa qaqa k\u2019itkukunapi pu\u00f1unanta t\u2019oqoramun\u00f1a. Qanpiraq kani chayqa tortolitay purunkunapi allin qura junio killa chisiyaykunapi wayllurinakuy \u00bfimanaqtinmi violinpa tinkuyninwan musuquyniykiq llipikhninwanpas yuyariyniykita p\u2019istuykuspa huk harawita takimunkichu?. \u00f1ataq achikyaryqa sara parwankunapi musquykunata chikllichimun\u00f1a. \u00d1uqapiraq kanchi chayqa paqpakitay yana \u00f1awi wiku\u00f1acha qatakunapi purun wayta \u00bfimanasqan allin kayniykiwan qunqasqa k\u2019uchukunapi llakiyniyta thasnuspa harawita tinkunkichu? \u00f1ataq pillpikunaqa pukyuq wiksankunapi wayllunakuyta pakaramun\u00f1a. Hina kaqtinqa, puka waytacha misk\u2019i simi urpillay upallaypa qapariynin rawrariq \u00f1awiykiwan musquyniykuta llanllarichiy, qayra michiq phi\u00f1akuyninwantaq rit\u2019i urqukunapi antawaraq qichiphranpipas llaqtakuna hatarichunku, mana allin ruwaykunawanmi saqrakunaq millay kayninwan llunk\u2019u runakunaq awqayninwanpas sinchitapuni \u00f1ak\u2019ariyku; hina kaqtinqa, yuraq clavelina sunqu ruru munay wayta qunqasqa k\u2019uchukunapi llanllariq hanaq pacha pinchinkuruq \u00f1awichaykiwan musuq kawsayta kicharispa munakuyniyta raphapapachiy, runakunaq rimayninwantaq makinkuta hu\u00f1urispa Vilcanota orqokuna millay kawsayta p\u2019anparinakupaq Pumawanka punku kicharikuchun, yana ankakunataq llapa phi\u00f1akuyninkuwan yachaysapa kayninkuta mast\u2019arispa allin hamut\u2019ayta paqarichimuchunku\u2026\" \/>\n<meta property=\"og:url\" content=\"https:\/\/staging.musuqilla.info\/en\/poem-bookshelf\/qunqay-yaku-unucha\/\" \/>\n<meta property=\"og:site_name\" content=\"Musuq Illa\" \/>\n<meta property=\"og:image\" content=\"https:\/\/staging.musuqilla.info\/wp-content\/uploads\/2021\/07\/cordova-huaman_qunqay-yaku-unucha_07c.jpg\" \/>\n\t<meta property=\"og:image:width\" content=\"855\" \/>\n\t<meta property=\"og:image:height\" content=\"1280\" \/>\n\t<meta property=\"og:image:type\" content=\"image\/jpeg\" \/>\n<meta name=\"twitter:card\" content=\"summary_large_image\" \/>\n<meta name=\"twitter:site\" content=\"@MusuqIlla\" \/>\n<script type=\"application\/ld+json\" class=\"yoast-schema-graph\">{\"@context\":\"https:\\\/\\\/schema.org\",\"@graph\":[{\"@type\":\"WebPage\",\"@id\":\"https:\\\/\\\/staging.musuqilla.info\\\/en\\\/poem-bookshelf\\\/qunqay-yaku-unucha\\\/\",\"url\":\"https:\\\/\\\/staging.musuqilla.info\\\/en\\\/poem-bookshelf\\\/qunqay-yaku-unucha\\\/\",\"name\":\"Qunqay Yaku Unucha - Musuq Illa\",\"isPartOf\":{\"@id\":\"https:\\\/\\\/staging.musuqilla.info\\\/en\\\/#website\"},\"primaryImageOfPage\":{\"@id\":\"https:\\\/\\\/staging.musuqilla.info\\\/en\\\/poem-bookshelf\\\/qunqay-yaku-unucha\\\/#primaryimage\"},\"image\":{\"@id\":\"https:\\\/\\\/staging.musuqilla.info\\\/en\\\/poem-bookshelf\\\/qunqay-yaku-unucha\\\/#primaryimage\"},\"thumbnailUrl\":\"https:\\\/\\\/staging.musuqilla.info\\\/wp-content\\\/uploads\\\/2021\\\/07\\\/cordova-huaman_qunqay-yaku-unucha_07c.jpg\",\"datePublished\":\"2021-07-16T21:55:28+00:00\",\"breadcrumb\":{\"@id\":\"https:\\\/\\\/staging.musuqilla.info\\\/en\\\/poem-bookshelf\\\/qunqay-yaku-unucha\\\/#breadcrumb\"},\"inLanguage\":\"en-US\",\"potentialAction\":[{\"@type\":\"ReadAction\",\"target\":[\"https:\\\/\\\/staging.musuqilla.info\\\/en\\\/poem-bookshelf\\\/qunqay-yaku-unucha\\\/\"]}]},{\"@type\":\"ImageObject\",\"inLanguage\":\"en-US\",\"@id\":\"https:\\\/\\\/staging.musuqilla.info\\\/en\\\/poem-bookshelf\\\/qunqay-yaku-unucha\\\/#primaryimage\",\"url\":\"https:\\\/\\\/staging.musuqilla.info\\\/wp-content\\\/uploads\\\/2021\\\/07\\\/cordova-huaman_qunqay-yaku-unucha_07c.jpg\",\"contentUrl\":\"https:\\\/\\\/staging.musuqilla.info\\\/wp-content\\\/uploads\\\/2021\\\/07\\\/cordova-huaman_qunqay-yaku-unucha_07c.jpg\",\"width\":855,\"height\":1280},{\"@type\":\"BreadcrumbList\",\"@id\":\"https:\\\/\\\/staging.musuqilla.info\\\/en\\\/poem-bookshelf\\\/qunqay-yaku-unucha\\\/#breadcrumb\",\"itemListElement\":[{\"@type\":\"ListItem\",\"position\":1,\"name\":\"Home\",\"item\":\"https:\\\/\\\/staging.musuqilla.info\\\/en\\\/\"},{\"@type\":\"ListItem\",\"position\":2,\"name\":\"Bookshelf\",\"item\":\"https:\\\/\\\/staging.musuqilla.info\\\/en\\\/bookshelf\\\/\"},{\"@type\":\"ListItem\",\"position\":3,\"name\":\"Qunqay Yaku Unucha\"}]},{\"@type\":\"WebSite\",\"@id\":\"https:\\\/\\\/staging.musuqilla.info\\\/en\\\/#website\",\"url\":\"https:\\\/\\\/staging.musuqilla.info\\\/en\\\/\",\"name\":\"Musuq Illa\",\"description\":\"Harawikuna runasimipi\",\"publisher\":{\"@id\":\"https:\\\/\\\/staging.musuqilla.info\\\/en\\\/#organization\"},\"potentialAction\":[{\"@type\":\"SearchAction\",\"target\":{\"@type\":\"EntryPoint\",\"urlTemplate\":\"https:\\\/\\\/staging.musuqilla.info\\\/en\\\/?s={search_term_string}\"},\"query-input\":{\"@type\":\"PropertyValueSpecification\",\"valueRequired\":true,\"valueName\":\"search_term_string\"}}],\"inLanguage\":\"en-US\"},{\"@type\":\"Organization\",\"@id\":\"https:\\\/\\\/staging.musuqilla.info\\\/en\\\/#organization\",\"name\":\"Musuq Illa\",\"url\":\"https:\\\/\\\/staging.musuqilla.info\\\/en\\\/\",\"logo\":{\"@type\":\"ImageObject\",\"inLanguage\":\"en-US\",\"@id\":\"https:\\\/\\\/staging.musuqilla.info\\\/en\\\/#\\\/schema\\\/logo\\\/image\\\/\",\"url\":\"https:\\\/\\\/i0.wp.com\\\/musuqilla.info\\\/wp-content\\\/uploads\\\/2020\\\/11\\\/musuq_illa_masthead_logo_txt_E_2x_smaller.png?fit=348%2C264&ssl=1\",\"contentUrl\":\"https:\\\/\\\/i0.wp.com\\\/musuqilla.info\\\/wp-content\\\/uploads\\\/2020\\\/11\\\/musuq_illa_masthead_logo_txt_E_2x_smaller.png?fit=348%2C264&ssl=1\",\"width\":348,\"height\":264,\"caption\":\"Musuq Illa\"},\"image\":{\"@id\":\"https:\\\/\\\/staging.musuqilla.info\\\/en\\\/#\\\/schema\\\/logo\\\/image\\\/\"},\"sameAs\":[\"https:\\\/\\\/x.com\\\/MusuqIlla\"]}]}<\/script>\n<!-- \/ Yoast SEO plugin. -->","yoast_head_json":{"title":"Qunqay Yaku Unucha - Musuq Illa","robots":{"index":"noindex","follow":"follow","max-snippet":"max-snippet:-1","max-image-preview":"max-image-preview:large","max-video-preview":"max-video-preview:-1"},"og_locale":"en_US","og_type":"article","og_title":"Qunqay Yaku Unucha - Musuq Illa","og_description":"Munawankiraq chayqa achikhariypa llanllariynin urpillay as k\u2019anchariychawan mayu killa raymi punchawpi yana thutata phanchirichiy kicharisqa \u00f1awi ruruykipitaq yuyariypa raphinta waqaychay. Waylluwankiraq chayqa iphuparaq munakuynin sunqullay qunqay yaku unuchawan chiri punchawkunapi saraq ch\u2019akiyninta thasnurimuy llanpu makiykipitaq charanguq tinkuyninta thapachay. P\u2019unchawtaq qallarin chayqa shullaq wayllukuynin munakuqllay \u00bfimanasqan unuchasqa pukyupi sunqu suwa kayniykiwan yuyaymananta kicharispa yawarchasqa tarukaq harawinta kunturkunaman willamunkichu?. Chaypiraq tarikunki chayqa yanallay  purun urpiq kurururuynin \u00bfimanaqtinmi Titiqaqa qocha patapi kusi sunquykiwan ama\u00f1a phi\u00f1akuspa sumay sumaq wallatamanta atuqman rimapayankichu?, \u00f1ataq qunchuparaqa lliw tiqsimuyupi phi\u00f1akuyninta mast\u2019arimun\u00f1a. Kaypiraqtaq kanki chayqa sunqullay achikhariypi illariy wi\u00f1ay pachaq makinpi k\u2019anchariq quyllur \u00bfimanasqan ancha kusikuywan nina rawraq qawayniykiwanpas \u00f1ak\u2019arisqayta thanichispa urpiq kurururuyninta llanllarichinkichu?, \u00f1ataq qatipayasqa hakaqlluqa qaqa k\u2019itkukunapi pu\u00f1unanta t\u2019oqoramun\u00f1a. Qanpiraq kani chayqa tortolitay purunkunapi allin qura junio killa chisiyaykunapi wayllurinakuy \u00bfimanaqtinmi violinpa tinkuyninwan musuquyniykiq llipikhninwanpas yuyariyniykita p\u2019istuykuspa huk harawita takimunkichu?. \u00f1ataq achikyaryqa sara parwankunapi musquykunata chikllichimun\u00f1a. \u00d1uqapiraq kanchi chayqa paqpakitay yana \u00f1awi wiku\u00f1acha qatakunapi purun wayta \u00bfimanasqan allin kayniykiwan qunqasqa k\u2019uchukunapi llakiyniyta thasnuspa harawita tinkunkichu? \u00f1ataq pillpikunaqa pukyuq wiksankunapi wayllunakuyta pakaramun\u00f1a. Hina kaqtinqa, puka waytacha misk\u2019i simi urpillay upallaypa qapariynin rawrariq \u00f1awiykiwan musquyniykuta llanllarichiy, qayra michiq phi\u00f1akuyninwantaq rit\u2019i urqukunapi antawaraq qichiphranpipas llaqtakuna hatarichunku, mana allin ruwaykunawanmi saqrakunaq millay kayninwan llunk\u2019u runakunaq awqayninwanpas sinchitapuni \u00f1ak\u2019ariyku; hina kaqtinqa, yuraq clavelina sunqu ruru munay wayta qunqasqa k\u2019uchukunapi llanllariq hanaq pacha pinchinkuruq \u00f1awichaykiwan musuq kawsayta kicharispa munakuyniyta raphapapachiy, runakunaq rimayninwantaq makinkuta hu\u00f1urispa Vilcanota orqokuna millay kawsayta p\u2019anparinakupaq Pumawanka punku kicharikuchun, yana ankakunataq llapa phi\u00f1akuyninkuwan yachaysapa kayninkuta mast\u2019arispa allin hamut\u2019ayta paqarichimuchunku\u2026","og_url":"https:\/\/staging.musuqilla.info\/en\/poem-bookshelf\/qunqay-yaku-unucha\/","og_site_name":"Musuq Illa","og_image":[{"width":855,"height":1280,"url":"https:\/\/staging.musuqilla.info\/wp-content\/uploads\/2021\/07\/cordova-huaman_qunqay-yaku-unucha_07c.jpg","type":"image\/jpeg"}],"twitter_card":"summary_large_image","twitter_site":"@MusuqIlla","schema":{"@context":"https:\/\/schema.org","@graph":[{"@type":"WebPage","@id":"https:\/\/staging.musuqilla.info\/en\/poem-bookshelf\/qunqay-yaku-unucha\/","url":"https:\/\/staging.musuqilla.info\/en\/poem-bookshelf\/qunqay-yaku-unucha\/","name":"Qunqay Yaku Unucha - Musuq Illa","isPartOf":{"@id":"https:\/\/staging.musuqilla.info\/en\/#website"},"primaryImageOfPage":{"@id":"https:\/\/staging.musuqilla.info\/en\/poem-bookshelf\/qunqay-yaku-unucha\/#primaryimage"},"image":{"@id":"https:\/\/staging.musuqilla.info\/en\/poem-bookshelf\/qunqay-yaku-unucha\/#primaryimage"},"thumbnailUrl":"https:\/\/staging.musuqilla.info\/wp-content\/uploads\/2021\/07\/cordova-huaman_qunqay-yaku-unucha_07c.jpg","datePublished":"2021-07-16T21:55:28+00:00","breadcrumb":{"@id":"https:\/\/staging.musuqilla.info\/en\/poem-bookshelf\/qunqay-yaku-unucha\/#breadcrumb"},"inLanguage":"en-US","potentialAction":[{"@type":"ReadAction","target":["https:\/\/staging.musuqilla.info\/en\/poem-bookshelf\/qunqay-yaku-unucha\/"]}]},{"@type":"ImageObject","inLanguage":"en-US","@id":"https:\/\/staging.musuqilla.info\/en\/poem-bookshelf\/qunqay-yaku-unucha\/#primaryimage","url":"https:\/\/staging.musuqilla.info\/wp-content\/uploads\/2021\/07\/cordova-huaman_qunqay-yaku-unucha_07c.jpg","contentUrl":"https:\/\/staging.musuqilla.info\/wp-content\/uploads\/2021\/07\/cordova-huaman_qunqay-yaku-unucha_07c.jpg","width":855,"height":1280},{"@type":"BreadcrumbList","@id":"https:\/\/staging.musuqilla.info\/en\/poem-bookshelf\/qunqay-yaku-unucha\/#breadcrumb","itemListElement":[{"@type":"ListItem","position":1,"name":"Home","item":"https:\/\/staging.musuqilla.info\/en\/"},{"@type":"ListItem","position":2,"name":"Bookshelf","item":"https:\/\/staging.musuqilla.info\/en\/bookshelf\/"},{"@type":"ListItem","position":3,"name":"Qunqay Yaku Unucha"}]},{"@type":"WebSite","@id":"https:\/\/staging.musuqilla.info\/en\/#website","url":"https:\/\/staging.musuqilla.info\/en\/","name":"Musuq Illa","description":"Harawikuna runasimipi","publisher":{"@id":"https:\/\/staging.musuqilla.info\/en\/#organization"},"potentialAction":[{"@type":"SearchAction","target":{"@type":"EntryPoint","urlTemplate":"https:\/\/staging.musuqilla.info\/en\/?s={search_term_string}"},"query-input":{"@type":"PropertyValueSpecification","valueRequired":true,"valueName":"search_term_string"}}],"inLanguage":"en-US"},{"@type":"Organization","@id":"https:\/\/staging.musuqilla.info\/en\/#organization","name":"Musuq Illa","url":"https:\/\/staging.musuqilla.info\/en\/","logo":{"@type":"ImageObject","inLanguage":"en-US","@id":"https:\/\/staging.musuqilla.info\/en\/#\/schema\/logo\/image\/","url":"https:\/\/i0.wp.com\/musuqilla.info\/wp-content\/uploads\/2020\/11\/musuq_illa_masthead_logo_txt_E_2x_smaller.png?fit=348%2C264&ssl=1","contentUrl":"https:\/\/i0.wp.com\/musuqilla.info\/wp-content\/uploads\/2020\/11\/musuq_illa_masthead_logo_txt_E_2x_smaller.png?fit=348%2C264&ssl=1","width":348,"height":264,"caption":"Musuq Illa"},"image":{"@id":"https:\/\/staging.musuqilla.info\/en\/#\/schema\/logo\/image\/"},"sameAs":["https:\/\/x.com\/MusuqIlla"]}]}},"_links":{"self":[{"href":"https:\/\/staging.musuqilla.info\/en\/wp-json\/wp\/v2\/product\/6815","targetHints":{"allow":["GET"]}}],"collection":[{"href":"https:\/\/staging.musuqilla.info\/en\/wp-json\/wp\/v2\/product"}],"about":[{"href":"https:\/\/staging.musuqilla.info\/en\/wp-json\/wp\/v2\/types\/product"}],"wp:featuredmedia":[{"embeddable":true,"href":"https:\/\/staging.musuqilla.info\/en\/wp-json\/wp\/v2\/media\/6812"}],"wp:attachment":[{"href":"https:\/\/staging.musuqilla.info\/en\/wp-json\/wp\/v2\/media?parent=6815"}],"wp:term":[{"taxonomy":"product_brand","embeddable":true,"href":"https:\/\/staging.musuqilla.info\/en\/wp-json\/wp\/v2\/product_brand?post=6815"},{"taxonomy":"product_cat","embeddable":true,"href":"https:\/\/staging.musuqilla.info\/en\/wp-json\/wp\/v2\/product_cat?post=6815"},{"taxonomy":"product_tag","embeddable":true,"href":"https:\/\/staging.musuqilla.info\/en\/wp-json\/wp\/v2\/product_tag?post=6815"},{"taxonomy":"press","embeddable":true,"href":"https:\/\/staging.musuqilla.info\/en\/wp-json\/wp\/v2\/press?post=6815"}],"curies":[{"name":"wp","href":"https:\/\/api.w.org\/{rel}","templated":true}]}}