{"id":6933,"date":"2021-08-06T16:40:43","date_gmt":"2021-08-06T21:40:43","guid":{"rendered":"https:\/\/musuqilla.info\/?post_type=product&#038;p=6933"},"modified":"2021-08-06T13:28:57","modified_gmt":"2021-08-06T18:28:57","slug":"dansaqpa-nakariynin","status":"publish","type":"product","link":"https:\/\/staging.musuqilla.info\/en\/poem-bookshelf\/dansaqpa-nakariynin\/","title":{"rendered":"Dansaqpa \u00d1akariynin"},"content":{"rendered":"","protected":false},"excerpt":{"rendered":"<p>Miski tusukuq, ancha kallpayuq<br \/>\nAllpanchikunawan chaninchaykukuspa sachakuna qina chikllirimuspa<br \/>\nQari qaritam puririrqanki kawsay pachakunapi<br \/>\nTutayaqmanta achikyaq qina sayaychallaykipas hatun kanchapi llipipiriq<br \/>\nMusuq punchawpi qinamanta qatarimuptiyki uyachallaykipas panchirirqa<br \/>\nSamayllaykipas llapaykutam rikcharichiwarqaku<br \/>\n\u00d1awpaqkunamantaraqmi kuyayllanchiktapas allicharqanki<br \/>\nRupaykunapi, chirikunapi, qasakunapipas munayllanchiktaqa amacharqankim<br \/>\nSumaq tusuqkunatam paqarichirqanki illapa qina kancharinanpaq<br \/>\nPi\u00f1achiqninchikkunatapas qipancharqankim llaqta runallanchikkuna hatarinankupaq<br \/>\nSumaq sayaychallaykiwan manchachiqninchikta kutirirqanki<br \/>\nSaqsa runakunata tusuqnispallam kinraychanta wayralla\u00f1a llallirurqanki<br \/>\nWiraquchakunata muyurispallam iskayachirqanki muspanankupaq<br \/>\nSunqullaykitapas patpatyachistin unquqyastinpas takikurqankim<br \/>\nMachunchikkunapa ruwasqantam chipikyachirqanki sulla yakuchata qina<br \/>\n\u00d1uqanchikpa tusukuyninchiktam mayuta qina rapapachirqanki<br \/>\nKikinchikpa munayninchikkuna wi\u00f1aypaq kawsakunanpaq.<br \/>\nPachamamapa samayllanwan kallpachaykukuspa<br \/>\nLlaqtanchikpa ruruntaqa hatallirqankim katkatallastinpas<br \/>\nMuchuy watakunapipas qatarimurqankim tuqayllaykitapas upyaykuspa<br \/>\nTusuyllanchik, hayllillanchik mana wa\u00f1unanpaq<br \/>\nManchachiqninchik runakunatapas kutirirqankim muspay patakunapipas<br \/>\nUywanchikkuna tutayaqpi chinkarillaptinpas amacharqankim<br \/>\nWa\u00f1uypatapipas, \u00f1akaristinpas sunqullaykiqa manam ikarikuqchu<br \/>\nkawsariypurimurqankim wapulla\u00f1a wichaykunata qawastin<br \/>\nmusuq warmanchikkuna tususqaykita qatirinaykipaq.<br \/>\nAchalasqa tusukuq,<br \/>\nPuyuchawpimantapas paqarimurqankim<br \/>\nTutayaq punchawkunatapas quyllurcha qina achikyachistin<br \/>\nQawantaraq, ukuntaraq sutilla\u00f1a rikurimuptikiqa<br \/>\nWawqillaykikunapas, churillaykikunapas qatipaykikum<br \/>\nKayqay\u00e1 huk umalla, huk sunqulla tusuchkaniku kutirimuq pachata qawaykuspayku<br \/>\nLlakikuykunapas chinkarparin, muchukuykunapas pisiyayparin<br \/>\nChaymi llapan llaqtanchikkuna hukllapi tinkuykuspa sutillaykipi takikuniku<br \/>\nChaqwariyniykupas mayu qinam llapan llaqtata kusirichin<br \/>\nChaypim hukllapi llapayku qu\u00f1uykanakuspa hayllikuniku<br \/>\nKay pachapiqa dansaqpa \u00f1akariyninqa musuq kawsaytam paqarichimun.<\/p>\n","protected":false},"featured_media":6917,"template":"","meta":{"_monsterinsights_skip_tracking":false,"_monsterinsights_sitenote_active":false,"_monsterinsights_sitenote_note":"","_monsterinsights_sitenote_category":0},"product_brand":[],"product_cat":[273,271,103],"product_tag":[],"press":[],"class_list":{"0":"post-6933","1":"product","2":"type-product","3":"status-publish","4":"has-post-thumbnail","6":"product_author-edwin-ramos-flores-en","7":"product_cat-chapter-1","8":"product_cat-musuq-illa-book","9":"product_cat-poems","10":"pa_country-peru","11":"pa_form-free-verse","12":"pa_period-twenty-first-century","13":"pa_region-city-ayacucho","14":"pa_theme-andean-philosophy","15":"pa_theme-celebratory","16":"pa_theme-indigenous-identity","18":"first","19":"instock","20":"shipping-taxable","21":"product-type-external"},"yoast_head":"<!-- This site is optimized with the Yoast SEO plugin v27.6 - https:\/\/yoast.com\/product\/yoast-seo-wordpress\/ -->\n<title>Dansaqpa \u00d1akariynin - Musuq Illa<\/title>\n<meta name=\"robots\" content=\"noindex, follow, max-snippet:-1, max-image-preview:large, max-video-preview:-1\" \/>\n<meta property=\"og:locale\" content=\"en_US\" \/>\n<meta property=\"og:type\" content=\"article\" \/>\n<meta property=\"og:title\" content=\"Dansaqpa \u00d1akariynin - Musuq Illa\" \/>\n<meta property=\"og:description\" content=\"Miski tusukuq, ancha kallpayuq Allpanchikunawan chaninchaykukuspa sachakuna qina chikllirimuspa Qari qaritam puririrqanki kawsay pachakunapi Tutayaqmanta achikyaq qina sayaychallaykipas hatun kanchapi llipipiriq Musuq punchawpi qinamanta qatarimuptiyki uyachallaykipas panchirirqa Samayllaykipas llapaykutam rikcharichiwarqaku \u00d1awpaqkunamantaraqmi kuyayllanchiktapas allicharqanki Rupaykunapi, chirikunapi, qasakunapipas munayllanchiktaqa amacharqankim Sumaq tusuqkunatam paqarichirqanki illapa qina kancharinanpaq Pi\u00f1achiqninchikkunatapas qipancharqankim llaqta runallanchikkuna hatarinankupaq Sumaq sayaychallaykiwan manchachiqninchikta kutirirqanki Saqsa runakunata tusuqnispallam kinraychanta wayralla\u00f1a llallirurqanki Wiraquchakunata muyurispallam iskayachirqanki muspanankupaq Sunqullaykitapas patpatyachistin unquqyastinpas takikurqankim Machunchikkunapa ruwasqantam chipikyachirqanki sulla yakuchata qina \u00d1uqanchikpa tusukuyninchiktam mayuta qina rapapachirqanki Kikinchikpa munayninchikkuna wi\u00f1aypaq kawsakunanpaq. Pachamamapa samayllanwan kallpachaykukuspa Llaqtanchikpa ruruntaqa hatallirqankim katkatallastinpas Muchuy watakunapipas qatarimurqankim tuqayllaykitapas upyaykuspa Tusuyllanchik, hayllillanchik mana wa\u00f1unanpaq Manchachiqninchik runakunatapas kutirirqankim muspay patakunapipas Uywanchikkuna tutayaqpi chinkarillaptinpas amacharqankim Wa\u00f1uypatapipas, \u00f1akaristinpas sunqullaykiqa manam ikarikuqchu kawsariypurimurqankim wapulla\u00f1a wichaykunata qawastin musuq warmanchikkuna tususqaykita qatirinaykipaq. Achalasqa tusukuq, Puyuchawpimantapas paqarimurqankim Tutayaq punchawkunatapas quyllurcha qina achikyachistin Qawantaraq, ukuntaraq sutilla\u00f1a rikurimuptikiqa Wawqillaykikunapas, churillaykikunapas qatipaykikum Kayqay\u00e1 huk umalla, huk sunqulla tusuchkaniku kutirimuq pachata qawaykuspayku Llakikuykunapas chinkarparin, muchukuykunapas pisiyayparin Chaymi llapan llaqtanchikkuna hukllapi tinkuykuspa sutillaykipi takikuniku Chaqwariyniykupas mayu qinam llapan llaqtata kusirichin Chaypim hukllapi llapayku qu\u00f1uykanakuspa hayllikuniku Kay pachapiqa dansaqpa \u00f1akariyninqa musuq kawsaytam paqarichimun.\" \/>\n<meta property=\"og:url\" content=\"https:\/\/staging.musuqilla.info\/en\/poem-bookshelf\/dansaqpa-nakariynin\/\" \/>\n<meta property=\"og:site_name\" content=\"Musuq Illa\" \/>\n<meta property=\"og:image\" content=\"https:\/\/staging.musuqilla.info\/wp-content\/uploads\/2021\/08\/ramos-flores_dansaqpa-nakariynin_06e.jpg\" \/>\n\t<meta property=\"og:image:width\" content=\"855\" \/>\n\t<meta property=\"og:image:height\" content=\"1280\" \/>\n\t<meta property=\"og:image:type\" content=\"image\/jpeg\" \/>\n<meta name=\"twitter:card\" content=\"summary_large_image\" \/>\n<meta name=\"twitter:site\" content=\"@MusuqIlla\" \/>\n<script type=\"application\/ld+json\" class=\"yoast-schema-graph\">{\"@context\":\"https:\\\/\\\/schema.org\",\"@graph\":[{\"@type\":\"WebPage\",\"@id\":\"https:\\\/\\\/staging.musuqilla.info\\\/en\\\/poem-bookshelf\\\/dansaqpa-nakariynin\\\/\",\"url\":\"https:\\\/\\\/staging.musuqilla.info\\\/en\\\/poem-bookshelf\\\/dansaqpa-nakariynin\\\/\",\"name\":\"Dansaqpa \u00d1akariynin - Musuq Illa\",\"isPartOf\":{\"@id\":\"https:\\\/\\\/staging.musuqilla.info\\\/en\\\/#website\"},\"primaryImageOfPage\":{\"@id\":\"https:\\\/\\\/staging.musuqilla.info\\\/en\\\/poem-bookshelf\\\/dansaqpa-nakariynin\\\/#primaryimage\"},\"image\":{\"@id\":\"https:\\\/\\\/staging.musuqilla.info\\\/en\\\/poem-bookshelf\\\/dansaqpa-nakariynin\\\/#primaryimage\"},\"thumbnailUrl\":\"https:\\\/\\\/staging.musuqilla.info\\\/wp-content\\\/uploads\\\/2021\\\/08\\\/ramos-flores_dansaqpa-nakariynin_06e.jpg\",\"datePublished\":\"2021-08-06T21:40:43+00:00\",\"breadcrumb\":{\"@id\":\"https:\\\/\\\/staging.musuqilla.info\\\/en\\\/poem-bookshelf\\\/dansaqpa-nakariynin\\\/#breadcrumb\"},\"inLanguage\":\"en-US\",\"potentialAction\":[{\"@type\":\"ReadAction\",\"target\":[\"https:\\\/\\\/staging.musuqilla.info\\\/en\\\/poem-bookshelf\\\/dansaqpa-nakariynin\\\/\"]}]},{\"@type\":\"ImageObject\",\"inLanguage\":\"en-US\",\"@id\":\"https:\\\/\\\/staging.musuqilla.info\\\/en\\\/poem-bookshelf\\\/dansaqpa-nakariynin\\\/#primaryimage\",\"url\":\"https:\\\/\\\/staging.musuqilla.info\\\/wp-content\\\/uploads\\\/2021\\\/08\\\/ramos-flores_dansaqpa-nakariynin_06e.jpg\",\"contentUrl\":\"https:\\\/\\\/staging.musuqilla.info\\\/wp-content\\\/uploads\\\/2021\\\/08\\\/ramos-flores_dansaqpa-nakariynin_06e.jpg\",\"width\":855,\"height\":1280},{\"@type\":\"BreadcrumbList\",\"@id\":\"https:\\\/\\\/staging.musuqilla.info\\\/en\\\/poem-bookshelf\\\/dansaqpa-nakariynin\\\/#breadcrumb\",\"itemListElement\":[{\"@type\":\"ListItem\",\"position\":1,\"name\":\"Home\",\"item\":\"https:\\\/\\\/staging.musuqilla.info\\\/en\\\/\"},{\"@type\":\"ListItem\",\"position\":2,\"name\":\"Bookshelf\",\"item\":\"https:\\\/\\\/staging.musuqilla.info\\\/en\\\/bookshelf\\\/\"},{\"@type\":\"ListItem\",\"position\":3,\"name\":\"Dansaqpa \u00d1akariynin\"}]},{\"@type\":\"WebSite\",\"@id\":\"https:\\\/\\\/staging.musuqilla.info\\\/en\\\/#website\",\"url\":\"https:\\\/\\\/staging.musuqilla.info\\\/en\\\/\",\"name\":\"Musuq Illa\",\"description\":\"Harawikuna runasimipi\",\"publisher\":{\"@id\":\"https:\\\/\\\/staging.musuqilla.info\\\/en\\\/#organization\"},\"potentialAction\":[{\"@type\":\"SearchAction\",\"target\":{\"@type\":\"EntryPoint\",\"urlTemplate\":\"https:\\\/\\\/staging.musuqilla.info\\\/en\\\/?s={search_term_string}\"},\"query-input\":{\"@type\":\"PropertyValueSpecification\",\"valueRequired\":true,\"valueName\":\"search_term_string\"}}],\"inLanguage\":\"en-US\"},{\"@type\":\"Organization\",\"@id\":\"https:\\\/\\\/staging.musuqilla.info\\\/en\\\/#organization\",\"name\":\"Musuq Illa\",\"url\":\"https:\\\/\\\/staging.musuqilla.info\\\/en\\\/\",\"logo\":{\"@type\":\"ImageObject\",\"inLanguage\":\"en-US\",\"@id\":\"https:\\\/\\\/staging.musuqilla.info\\\/en\\\/#\\\/schema\\\/logo\\\/image\\\/\",\"url\":\"https:\\\/\\\/i0.wp.com\\\/musuqilla.info\\\/wp-content\\\/uploads\\\/2020\\\/11\\\/musuq_illa_masthead_logo_txt_E_2x_smaller.png?fit=348%2C264&ssl=1\",\"contentUrl\":\"https:\\\/\\\/i0.wp.com\\\/musuqilla.info\\\/wp-content\\\/uploads\\\/2020\\\/11\\\/musuq_illa_masthead_logo_txt_E_2x_smaller.png?fit=348%2C264&ssl=1\",\"width\":348,\"height\":264,\"caption\":\"Musuq Illa\"},\"image\":{\"@id\":\"https:\\\/\\\/staging.musuqilla.info\\\/en\\\/#\\\/schema\\\/logo\\\/image\\\/\"},\"sameAs\":[\"https:\\\/\\\/x.com\\\/MusuqIlla\"]}]}<\/script>\n<!-- \/ Yoast SEO plugin. -->","yoast_head_json":{"title":"Dansaqpa \u00d1akariynin - Musuq Illa","robots":{"index":"noindex","follow":"follow","max-snippet":"max-snippet:-1","max-image-preview":"max-image-preview:large","max-video-preview":"max-video-preview:-1"},"og_locale":"en_US","og_type":"article","og_title":"Dansaqpa \u00d1akariynin - Musuq Illa","og_description":"Miski tusukuq, ancha kallpayuq Allpanchikunawan chaninchaykukuspa sachakuna qina chikllirimuspa Qari qaritam puririrqanki kawsay pachakunapi Tutayaqmanta achikyaq qina sayaychallaykipas hatun kanchapi llipipiriq Musuq punchawpi qinamanta qatarimuptiyki uyachallaykipas panchirirqa Samayllaykipas llapaykutam rikcharichiwarqaku \u00d1awpaqkunamantaraqmi kuyayllanchiktapas allicharqanki Rupaykunapi, chirikunapi, qasakunapipas munayllanchiktaqa amacharqankim Sumaq tusuqkunatam paqarichirqanki illapa qina kancharinanpaq Pi\u00f1achiqninchikkunatapas qipancharqankim llaqta runallanchikkuna hatarinankupaq Sumaq sayaychallaykiwan manchachiqninchikta kutirirqanki Saqsa runakunata tusuqnispallam kinraychanta wayralla\u00f1a llallirurqanki Wiraquchakunata muyurispallam iskayachirqanki muspanankupaq Sunqullaykitapas patpatyachistin unquqyastinpas takikurqankim Machunchikkunapa ruwasqantam chipikyachirqanki sulla yakuchata qina \u00d1uqanchikpa tusukuyninchiktam mayuta qina rapapachirqanki Kikinchikpa munayninchikkuna wi\u00f1aypaq kawsakunanpaq. Pachamamapa samayllanwan kallpachaykukuspa Llaqtanchikpa ruruntaqa hatallirqankim katkatallastinpas Muchuy watakunapipas qatarimurqankim tuqayllaykitapas upyaykuspa Tusuyllanchik, hayllillanchik mana wa\u00f1unanpaq Manchachiqninchik runakunatapas kutirirqankim muspay patakunapipas Uywanchikkuna tutayaqpi chinkarillaptinpas amacharqankim Wa\u00f1uypatapipas, \u00f1akaristinpas sunqullaykiqa manam ikarikuqchu kawsariypurimurqankim wapulla\u00f1a wichaykunata qawastin musuq warmanchikkuna tususqaykita qatirinaykipaq. Achalasqa tusukuq, Puyuchawpimantapas paqarimurqankim Tutayaq punchawkunatapas quyllurcha qina achikyachistin Qawantaraq, ukuntaraq sutilla\u00f1a rikurimuptikiqa Wawqillaykikunapas, churillaykikunapas qatipaykikum Kayqay\u00e1 huk umalla, huk sunqulla tusuchkaniku kutirimuq pachata qawaykuspayku Llakikuykunapas chinkarparin, muchukuykunapas pisiyayparin Chaymi llapan llaqtanchikkuna hukllapi tinkuykuspa sutillaykipi takikuniku Chaqwariyniykupas mayu qinam llapan llaqtata kusirichin Chaypim hukllapi llapayku qu\u00f1uykanakuspa hayllikuniku Kay pachapiqa dansaqpa \u00f1akariyninqa musuq kawsaytam paqarichimun.","og_url":"https:\/\/staging.musuqilla.info\/en\/poem-bookshelf\/dansaqpa-nakariynin\/","og_site_name":"Musuq Illa","og_image":[{"width":855,"height":1280,"url":"https:\/\/staging.musuqilla.info\/wp-content\/uploads\/2021\/08\/ramos-flores_dansaqpa-nakariynin_06e.jpg","type":"image\/jpeg"}],"twitter_card":"summary_large_image","twitter_site":"@MusuqIlla","schema":{"@context":"https:\/\/schema.org","@graph":[{"@type":"WebPage","@id":"https:\/\/staging.musuqilla.info\/en\/poem-bookshelf\/dansaqpa-nakariynin\/","url":"https:\/\/staging.musuqilla.info\/en\/poem-bookshelf\/dansaqpa-nakariynin\/","name":"Dansaqpa \u00d1akariynin - Musuq Illa","isPartOf":{"@id":"https:\/\/staging.musuqilla.info\/en\/#website"},"primaryImageOfPage":{"@id":"https:\/\/staging.musuqilla.info\/en\/poem-bookshelf\/dansaqpa-nakariynin\/#primaryimage"},"image":{"@id":"https:\/\/staging.musuqilla.info\/en\/poem-bookshelf\/dansaqpa-nakariynin\/#primaryimage"},"thumbnailUrl":"https:\/\/staging.musuqilla.info\/wp-content\/uploads\/2021\/08\/ramos-flores_dansaqpa-nakariynin_06e.jpg","datePublished":"2021-08-06T21:40:43+00:00","breadcrumb":{"@id":"https:\/\/staging.musuqilla.info\/en\/poem-bookshelf\/dansaqpa-nakariynin\/#breadcrumb"},"inLanguage":"en-US","potentialAction":[{"@type":"ReadAction","target":["https:\/\/staging.musuqilla.info\/en\/poem-bookshelf\/dansaqpa-nakariynin\/"]}]},{"@type":"ImageObject","inLanguage":"en-US","@id":"https:\/\/staging.musuqilla.info\/en\/poem-bookshelf\/dansaqpa-nakariynin\/#primaryimage","url":"https:\/\/staging.musuqilla.info\/wp-content\/uploads\/2021\/08\/ramos-flores_dansaqpa-nakariynin_06e.jpg","contentUrl":"https:\/\/staging.musuqilla.info\/wp-content\/uploads\/2021\/08\/ramos-flores_dansaqpa-nakariynin_06e.jpg","width":855,"height":1280},{"@type":"BreadcrumbList","@id":"https:\/\/staging.musuqilla.info\/en\/poem-bookshelf\/dansaqpa-nakariynin\/#breadcrumb","itemListElement":[{"@type":"ListItem","position":1,"name":"Home","item":"https:\/\/staging.musuqilla.info\/en\/"},{"@type":"ListItem","position":2,"name":"Bookshelf","item":"https:\/\/staging.musuqilla.info\/en\/bookshelf\/"},{"@type":"ListItem","position":3,"name":"Dansaqpa \u00d1akariynin"}]},{"@type":"WebSite","@id":"https:\/\/staging.musuqilla.info\/en\/#website","url":"https:\/\/staging.musuqilla.info\/en\/","name":"Musuq Illa","description":"Harawikuna runasimipi","publisher":{"@id":"https:\/\/staging.musuqilla.info\/en\/#organization"},"potentialAction":[{"@type":"SearchAction","target":{"@type":"EntryPoint","urlTemplate":"https:\/\/staging.musuqilla.info\/en\/?s={search_term_string}"},"query-input":{"@type":"PropertyValueSpecification","valueRequired":true,"valueName":"search_term_string"}}],"inLanguage":"en-US"},{"@type":"Organization","@id":"https:\/\/staging.musuqilla.info\/en\/#organization","name":"Musuq Illa","url":"https:\/\/staging.musuqilla.info\/en\/","logo":{"@type":"ImageObject","inLanguage":"en-US","@id":"https:\/\/staging.musuqilla.info\/en\/#\/schema\/logo\/image\/","url":"https:\/\/i0.wp.com\/musuqilla.info\/wp-content\/uploads\/2020\/11\/musuq_illa_masthead_logo_txt_E_2x_smaller.png?fit=348%2C264&ssl=1","contentUrl":"https:\/\/i0.wp.com\/musuqilla.info\/wp-content\/uploads\/2020\/11\/musuq_illa_masthead_logo_txt_E_2x_smaller.png?fit=348%2C264&ssl=1","width":348,"height":264,"caption":"Musuq Illa"},"image":{"@id":"https:\/\/staging.musuqilla.info\/en\/#\/schema\/logo\/image\/"},"sameAs":["https:\/\/x.com\/MusuqIlla"]}]}},"_links":{"self":[{"href":"https:\/\/staging.musuqilla.info\/en\/wp-json\/wp\/v2\/product\/6933","targetHints":{"allow":["GET"]}}],"collection":[{"href":"https:\/\/staging.musuqilla.info\/en\/wp-json\/wp\/v2\/product"}],"about":[{"href":"https:\/\/staging.musuqilla.info\/en\/wp-json\/wp\/v2\/types\/product"}],"wp:featuredmedia":[{"embeddable":true,"href":"https:\/\/staging.musuqilla.info\/en\/wp-json\/wp\/v2\/media\/6917"}],"wp:attachment":[{"href":"https:\/\/staging.musuqilla.info\/en\/wp-json\/wp\/v2\/media?parent=6933"}],"wp:term":[{"taxonomy":"product_brand","embeddable":true,"href":"https:\/\/staging.musuqilla.info\/en\/wp-json\/wp\/v2\/product_brand?post=6933"},{"taxonomy":"product_cat","embeddable":true,"href":"https:\/\/staging.musuqilla.info\/en\/wp-json\/wp\/v2\/product_cat?post=6933"},{"taxonomy":"product_tag","embeddable":true,"href":"https:\/\/staging.musuqilla.info\/en\/wp-json\/wp\/v2\/product_tag?post=6933"},{"taxonomy":"press","embeddable":true,"href":"https:\/\/staging.musuqilla.info\/en\/wp-json\/wp\/v2\/press?post=6933"}],"curies":[{"name":"wp","href":"https:\/\/api.w.org\/{rel}","templated":true}]}}