{"id":6936,"date":"2021-08-06T16:45:49","date_gmt":"2021-08-06T21:45:49","guid":{"rendered":"https:\/\/musuqilla.info\/?post_type=product&#038;p=6936"},"modified":"2021-08-06T13:23:00","modified_gmt":"2021-08-06T18:23:00","slug":"ritama-chawpichapi-kuyanakuy","status":"publish","type":"product","link":"https:\/\/staging.musuqilla.info\/en\/poem-bookshelf\/ritama-chawpichapi-kuyanakuy\/","title":{"rendered":"Ritama Chawpichapi Kuyanakuy"},"content":{"rendered":"","protected":false},"excerpt":{"rendered":"<p>Paqchapi kusikuq sirinachakunahinam<br \/>\nhatun rumi patapi tiyakurqanki<br \/>\nChayllapim upallachalla qawapayarqayki<br \/>\nAsiriq simichaykita, panchiriq \u00f1awichaykita.<br \/>\nImach mana qarwa uyachaykita munaymanchu<br \/>\nchipikyaq durasnucha qina llampu uyachaykita<br \/>\nmakichaywan kuyapayaykuytam munarqani<br \/>\nuchuy \u00f1awichallaykipas chaskacha qinam munaysapam karqa<br \/>\nchaynallataqmi mayu kantukunapi pillpintuchakunapas rikumullawarqanchik<br \/>\nwayatacha qina miski simichaykita muchaykullaptiy.<br \/>\nLlipipiriq punchawllapim sunqullanchikpas iskaychanku munanakurqaku<br \/>\nsamaychayki \u00f1uqapawan hu\u00f1uykanakuspa ama\u00f1a rakinakunankupaq.<br \/>\nMiski asnaq ritama chawpichapim wayllukurqayki<br \/>\nUrpituchakuna qina raprachallanta kicharichistin<br \/>\nQasqullanchikpi sunqullanchikpas patpatyarqa kusikuymanta<br \/>\nPisquchakunapa tapachantahinam ruwakurqanchik<br \/>\nHukllapi kuyanakunanchiktaqa allintam yacharanchik.<br \/>\nMuchawasqaykipa samaychanqa kunankamam kawsachkan<br \/>\nDalya waytapa miski asnayninhina sapa punchaw kuyanakuyninchik wi\u00f1ariptin<br \/>\nHukllapi wi\u00f1aypaqch\u00e1 munayllanchik chikllirinqa,<br \/>\npanchirinqa waytachakuna qina<br \/>\nRitama chawpichapi anchata kuyakullaptiy.<\/p>\n","protected":false},"featured_media":6908,"template":"","meta":{"_monsterinsights_skip_tracking":false,"_monsterinsights_sitenote_active":false,"_monsterinsights_sitenote_note":"","_monsterinsights_sitenote_category":0},"product_brand":[],"product_cat":[271,278,103],"product_tag":[],"press":[],"class_list":{"0":"post-6936","1":"product","2":"type-product","3":"status-publish","4":"has-post-thumbnail","6":"product_author-edwin-ramos-flores-en","7":"product_cat-musuq-illa-book","8":"product_cat-other-poems","9":"product_cat-poems","10":"pa_country-peru","11":"pa_form-free-verse","12":"pa_period-twenty-first-century","13":"pa_region-city-ayacucho","14":"pa_theme-andean-flora-and-fauna","15":"pa_theme-celebratory","16":"pa_theme-love-intimacy","18":"first","19":"instock","20":"shipping-taxable","21":"product-type-external"},"yoast_head":"<!-- This site is optimized with the Yoast SEO plugin v27.6 - https:\/\/yoast.com\/product\/yoast-seo-wordpress\/ -->\n<title>Ritama Chawpichapi Kuyanakuy - Musuq Illa<\/title>\n<meta name=\"robots\" content=\"noindex, follow, max-snippet:-1, max-image-preview:large, max-video-preview:-1\" \/>\n<meta property=\"og:locale\" content=\"en_US\" \/>\n<meta property=\"og:type\" content=\"article\" \/>\n<meta property=\"og:title\" content=\"Ritama Chawpichapi Kuyanakuy - Musuq Illa\" \/>\n<meta property=\"og:description\" content=\"Paqchapi kusikuq sirinachakunahinam hatun rumi patapi tiyakurqanki Chayllapim upallachalla qawapayarqayki Asiriq simichaykita, panchiriq \u00f1awichaykita. Imach mana qarwa uyachaykita munaymanchu chipikyaq durasnucha qina llampu uyachaykita makichaywan kuyapayaykuytam munarqani uchuy \u00f1awichallaykipas chaskacha qinam munaysapam karqa chaynallataqmi mayu kantukunapi pillpintuchakunapas rikumullawarqanchik wayatacha qina miski simichaykita muchaykullaptiy. Llipipiriq punchawllapim sunqullanchikpas iskaychanku munanakurqaku samaychayki \u00f1uqapawan hu\u00f1uykanakuspa ama\u00f1a rakinakunankupaq. Miski asnaq ritama chawpichapim wayllukurqayki Urpituchakuna qina raprachallanta kicharichistin Qasqullanchikpi sunqullanchikpas patpatyarqa kusikuymanta Pisquchakunapa tapachantahinam ruwakurqanchik Hukllapi kuyanakunanchiktaqa allintam yacharanchik. Muchawasqaykipa samaychanqa kunankamam kawsachkan Dalya waytapa miski asnayninhina sapa punchaw kuyanakuyninchik wi\u00f1ariptin Hukllapi wi\u00f1aypaqch\u00e1 munayllanchik chikllirinqa, panchirinqa waytachakuna qina Ritama chawpichapi anchata kuyakullaptiy.\" \/>\n<meta property=\"og:url\" content=\"https:\/\/staging.musuqilla.info\/en\/poem-bookshelf\/ritama-chawpichapi-kuyanakuy\/\" \/>\n<meta property=\"og:site_name\" content=\"Musuq Illa\" \/>\n<meta property=\"og:image\" content=\"https:\/\/staging.musuqilla.info\/wp-content\/uploads\/2021\/08\/ramos-flores_ritama-chawpipi-kuyanakuy_06f.jpg\" \/>\n\t<meta property=\"og:image:width\" content=\"855\" \/>\n\t<meta property=\"og:image:height\" content=\"1280\" \/>\n\t<meta property=\"og:image:type\" content=\"image\/jpeg\" \/>\n<meta name=\"twitter:card\" content=\"summary_large_image\" \/>\n<meta name=\"twitter:site\" content=\"@MusuqIlla\" \/>\n<script type=\"application\/ld+json\" class=\"yoast-schema-graph\">{\"@context\":\"https:\\\/\\\/schema.org\",\"@graph\":[{\"@type\":\"WebPage\",\"@id\":\"https:\\\/\\\/staging.musuqilla.info\\\/en\\\/poem-bookshelf\\\/ritama-chawpichapi-kuyanakuy\\\/\",\"url\":\"https:\\\/\\\/staging.musuqilla.info\\\/en\\\/poem-bookshelf\\\/ritama-chawpichapi-kuyanakuy\\\/\",\"name\":\"Ritama Chawpichapi Kuyanakuy - Musuq Illa\",\"isPartOf\":{\"@id\":\"https:\\\/\\\/staging.musuqilla.info\\\/en\\\/#website\"},\"primaryImageOfPage\":{\"@id\":\"https:\\\/\\\/staging.musuqilla.info\\\/en\\\/poem-bookshelf\\\/ritama-chawpichapi-kuyanakuy\\\/#primaryimage\"},\"image\":{\"@id\":\"https:\\\/\\\/staging.musuqilla.info\\\/en\\\/poem-bookshelf\\\/ritama-chawpichapi-kuyanakuy\\\/#primaryimage\"},\"thumbnailUrl\":\"https:\\\/\\\/staging.musuqilla.info\\\/wp-content\\\/uploads\\\/2021\\\/08\\\/ramos-flores_ritama-chawpipi-kuyanakuy_06f.jpg\",\"datePublished\":\"2021-08-06T21:45:49+00:00\",\"breadcrumb\":{\"@id\":\"https:\\\/\\\/staging.musuqilla.info\\\/en\\\/poem-bookshelf\\\/ritama-chawpichapi-kuyanakuy\\\/#breadcrumb\"},\"inLanguage\":\"en-US\",\"potentialAction\":[{\"@type\":\"ReadAction\",\"target\":[\"https:\\\/\\\/staging.musuqilla.info\\\/en\\\/poem-bookshelf\\\/ritama-chawpichapi-kuyanakuy\\\/\"]}]},{\"@type\":\"ImageObject\",\"inLanguage\":\"en-US\",\"@id\":\"https:\\\/\\\/staging.musuqilla.info\\\/en\\\/poem-bookshelf\\\/ritama-chawpichapi-kuyanakuy\\\/#primaryimage\",\"url\":\"https:\\\/\\\/staging.musuqilla.info\\\/wp-content\\\/uploads\\\/2021\\\/08\\\/ramos-flores_ritama-chawpipi-kuyanakuy_06f.jpg\",\"contentUrl\":\"https:\\\/\\\/staging.musuqilla.info\\\/wp-content\\\/uploads\\\/2021\\\/08\\\/ramos-flores_ritama-chawpipi-kuyanakuy_06f.jpg\",\"width\":855,\"height\":1280},{\"@type\":\"BreadcrumbList\",\"@id\":\"https:\\\/\\\/staging.musuqilla.info\\\/en\\\/poem-bookshelf\\\/ritama-chawpichapi-kuyanakuy\\\/#breadcrumb\",\"itemListElement\":[{\"@type\":\"ListItem\",\"position\":1,\"name\":\"Home\",\"item\":\"https:\\\/\\\/staging.musuqilla.info\\\/en\\\/\"},{\"@type\":\"ListItem\",\"position\":2,\"name\":\"Bookshelf\",\"item\":\"https:\\\/\\\/staging.musuqilla.info\\\/en\\\/bookshelf\\\/\"},{\"@type\":\"ListItem\",\"position\":3,\"name\":\"Ritama Chawpichapi Kuyanakuy\"}]},{\"@type\":\"WebSite\",\"@id\":\"https:\\\/\\\/staging.musuqilla.info\\\/en\\\/#website\",\"url\":\"https:\\\/\\\/staging.musuqilla.info\\\/en\\\/\",\"name\":\"Musuq Illa\",\"description\":\"Harawikuna runasimipi\",\"publisher\":{\"@id\":\"https:\\\/\\\/staging.musuqilla.info\\\/en\\\/#organization\"},\"potentialAction\":[{\"@type\":\"SearchAction\",\"target\":{\"@type\":\"EntryPoint\",\"urlTemplate\":\"https:\\\/\\\/staging.musuqilla.info\\\/en\\\/?s={search_term_string}\"},\"query-input\":{\"@type\":\"PropertyValueSpecification\",\"valueRequired\":true,\"valueName\":\"search_term_string\"}}],\"inLanguage\":\"en-US\"},{\"@type\":\"Organization\",\"@id\":\"https:\\\/\\\/staging.musuqilla.info\\\/en\\\/#organization\",\"name\":\"Musuq Illa\",\"url\":\"https:\\\/\\\/staging.musuqilla.info\\\/en\\\/\",\"logo\":{\"@type\":\"ImageObject\",\"inLanguage\":\"en-US\",\"@id\":\"https:\\\/\\\/staging.musuqilla.info\\\/en\\\/#\\\/schema\\\/logo\\\/image\\\/\",\"url\":\"https:\\\/\\\/i0.wp.com\\\/musuqilla.info\\\/wp-content\\\/uploads\\\/2020\\\/11\\\/musuq_illa_masthead_logo_txt_E_2x_smaller.png?fit=348%2C264&ssl=1\",\"contentUrl\":\"https:\\\/\\\/i0.wp.com\\\/musuqilla.info\\\/wp-content\\\/uploads\\\/2020\\\/11\\\/musuq_illa_masthead_logo_txt_E_2x_smaller.png?fit=348%2C264&ssl=1\",\"width\":348,\"height\":264,\"caption\":\"Musuq Illa\"},\"image\":{\"@id\":\"https:\\\/\\\/staging.musuqilla.info\\\/en\\\/#\\\/schema\\\/logo\\\/image\\\/\"},\"sameAs\":[\"https:\\\/\\\/x.com\\\/MusuqIlla\"]}]}<\/script>\n<!-- \/ Yoast SEO plugin. -->","yoast_head_json":{"title":"Ritama Chawpichapi Kuyanakuy - Musuq Illa","robots":{"index":"noindex","follow":"follow","max-snippet":"max-snippet:-1","max-image-preview":"max-image-preview:large","max-video-preview":"max-video-preview:-1"},"og_locale":"en_US","og_type":"article","og_title":"Ritama Chawpichapi Kuyanakuy - Musuq Illa","og_description":"Paqchapi kusikuq sirinachakunahinam hatun rumi patapi tiyakurqanki Chayllapim upallachalla qawapayarqayki Asiriq simichaykita, panchiriq \u00f1awichaykita. Imach mana qarwa uyachaykita munaymanchu chipikyaq durasnucha qina llampu uyachaykita makichaywan kuyapayaykuytam munarqani uchuy \u00f1awichallaykipas chaskacha qinam munaysapam karqa chaynallataqmi mayu kantukunapi pillpintuchakunapas rikumullawarqanchik wayatacha qina miski simichaykita muchaykullaptiy. Llipipiriq punchawllapim sunqullanchikpas iskaychanku munanakurqaku samaychayki \u00f1uqapawan hu\u00f1uykanakuspa ama\u00f1a rakinakunankupaq. Miski asnaq ritama chawpichapim wayllukurqayki Urpituchakuna qina raprachallanta kicharichistin Qasqullanchikpi sunqullanchikpas patpatyarqa kusikuymanta Pisquchakunapa tapachantahinam ruwakurqanchik Hukllapi kuyanakunanchiktaqa allintam yacharanchik. Muchawasqaykipa samaychanqa kunankamam kawsachkan Dalya waytapa miski asnayninhina sapa punchaw kuyanakuyninchik wi\u00f1ariptin Hukllapi wi\u00f1aypaqch\u00e1 munayllanchik chikllirinqa, panchirinqa waytachakuna qina Ritama chawpichapi anchata kuyakullaptiy.","og_url":"https:\/\/staging.musuqilla.info\/en\/poem-bookshelf\/ritama-chawpichapi-kuyanakuy\/","og_site_name":"Musuq Illa","og_image":[{"width":855,"height":1280,"url":"https:\/\/staging.musuqilla.info\/wp-content\/uploads\/2021\/08\/ramos-flores_ritama-chawpipi-kuyanakuy_06f.jpg","type":"image\/jpeg"}],"twitter_card":"summary_large_image","twitter_site":"@MusuqIlla","schema":{"@context":"https:\/\/schema.org","@graph":[{"@type":"WebPage","@id":"https:\/\/staging.musuqilla.info\/en\/poem-bookshelf\/ritama-chawpichapi-kuyanakuy\/","url":"https:\/\/staging.musuqilla.info\/en\/poem-bookshelf\/ritama-chawpichapi-kuyanakuy\/","name":"Ritama Chawpichapi Kuyanakuy - Musuq Illa","isPartOf":{"@id":"https:\/\/staging.musuqilla.info\/en\/#website"},"primaryImageOfPage":{"@id":"https:\/\/staging.musuqilla.info\/en\/poem-bookshelf\/ritama-chawpichapi-kuyanakuy\/#primaryimage"},"image":{"@id":"https:\/\/staging.musuqilla.info\/en\/poem-bookshelf\/ritama-chawpichapi-kuyanakuy\/#primaryimage"},"thumbnailUrl":"https:\/\/staging.musuqilla.info\/wp-content\/uploads\/2021\/08\/ramos-flores_ritama-chawpipi-kuyanakuy_06f.jpg","datePublished":"2021-08-06T21:45:49+00:00","breadcrumb":{"@id":"https:\/\/staging.musuqilla.info\/en\/poem-bookshelf\/ritama-chawpichapi-kuyanakuy\/#breadcrumb"},"inLanguage":"en-US","potentialAction":[{"@type":"ReadAction","target":["https:\/\/staging.musuqilla.info\/en\/poem-bookshelf\/ritama-chawpichapi-kuyanakuy\/"]}]},{"@type":"ImageObject","inLanguage":"en-US","@id":"https:\/\/staging.musuqilla.info\/en\/poem-bookshelf\/ritama-chawpichapi-kuyanakuy\/#primaryimage","url":"https:\/\/staging.musuqilla.info\/wp-content\/uploads\/2021\/08\/ramos-flores_ritama-chawpipi-kuyanakuy_06f.jpg","contentUrl":"https:\/\/staging.musuqilla.info\/wp-content\/uploads\/2021\/08\/ramos-flores_ritama-chawpipi-kuyanakuy_06f.jpg","width":855,"height":1280},{"@type":"BreadcrumbList","@id":"https:\/\/staging.musuqilla.info\/en\/poem-bookshelf\/ritama-chawpichapi-kuyanakuy\/#breadcrumb","itemListElement":[{"@type":"ListItem","position":1,"name":"Home","item":"https:\/\/staging.musuqilla.info\/en\/"},{"@type":"ListItem","position":2,"name":"Bookshelf","item":"https:\/\/staging.musuqilla.info\/en\/bookshelf\/"},{"@type":"ListItem","position":3,"name":"Ritama Chawpichapi Kuyanakuy"}]},{"@type":"WebSite","@id":"https:\/\/staging.musuqilla.info\/en\/#website","url":"https:\/\/staging.musuqilla.info\/en\/","name":"Musuq Illa","description":"Harawikuna runasimipi","publisher":{"@id":"https:\/\/staging.musuqilla.info\/en\/#organization"},"potentialAction":[{"@type":"SearchAction","target":{"@type":"EntryPoint","urlTemplate":"https:\/\/staging.musuqilla.info\/en\/?s={search_term_string}"},"query-input":{"@type":"PropertyValueSpecification","valueRequired":true,"valueName":"search_term_string"}}],"inLanguage":"en-US"},{"@type":"Organization","@id":"https:\/\/staging.musuqilla.info\/en\/#organization","name":"Musuq Illa","url":"https:\/\/staging.musuqilla.info\/en\/","logo":{"@type":"ImageObject","inLanguage":"en-US","@id":"https:\/\/staging.musuqilla.info\/en\/#\/schema\/logo\/image\/","url":"https:\/\/i0.wp.com\/musuqilla.info\/wp-content\/uploads\/2020\/11\/musuq_illa_masthead_logo_txt_E_2x_smaller.png?fit=348%2C264&ssl=1","contentUrl":"https:\/\/i0.wp.com\/musuqilla.info\/wp-content\/uploads\/2020\/11\/musuq_illa_masthead_logo_txt_E_2x_smaller.png?fit=348%2C264&ssl=1","width":348,"height":264,"caption":"Musuq Illa"},"image":{"@id":"https:\/\/staging.musuqilla.info\/en\/#\/schema\/logo\/image\/"},"sameAs":["https:\/\/x.com\/MusuqIlla"]}]}},"_links":{"self":[{"href":"https:\/\/staging.musuqilla.info\/en\/wp-json\/wp\/v2\/product\/6936","targetHints":{"allow":["GET"]}}],"collection":[{"href":"https:\/\/staging.musuqilla.info\/en\/wp-json\/wp\/v2\/product"}],"about":[{"href":"https:\/\/staging.musuqilla.info\/en\/wp-json\/wp\/v2\/types\/product"}],"wp:featuredmedia":[{"embeddable":true,"href":"https:\/\/staging.musuqilla.info\/en\/wp-json\/wp\/v2\/media\/6908"}],"wp:attachment":[{"href":"https:\/\/staging.musuqilla.info\/en\/wp-json\/wp\/v2\/media?parent=6936"}],"wp:term":[{"taxonomy":"product_brand","embeddable":true,"href":"https:\/\/staging.musuqilla.info\/en\/wp-json\/wp\/v2\/product_brand?post=6936"},{"taxonomy":"product_cat","embeddable":true,"href":"https:\/\/staging.musuqilla.info\/en\/wp-json\/wp\/v2\/product_cat?post=6936"},{"taxonomy":"product_tag","embeddable":true,"href":"https:\/\/staging.musuqilla.info\/en\/wp-json\/wp\/v2\/product_tag?post=6936"},{"taxonomy":"press","embeddable":true,"href":"https:\/\/staging.musuqilla.info\/en\/wp-json\/wp\/v2\/press?post=6936"}],"curies":[{"name":"wp","href":"https:\/\/api.w.org\/{rel}","templated":true}]}}