{"id":6384,"date":"2021-05-20T17:46:27","date_gmt":"2021-05-20T22:46:27","guid":{"rendered":"https:\/\/musuqilla.info\/harawikuna-qulqakuna\/como-tu\/"},"modified":"2021-05-21T13:15:03","modified_gmt":"2021-05-21T18:15:03","slug":"como-tu","status":"publish","type":"product","link":"https:\/\/staging.musuqilla.info\/es\/poema-estante\/como-tu\/","title":{"rendered":"Como t\u00fa"},"content":{"rendered":"","protected":false},"excerpt":{"rendered":"<p>Quiero jugar<br \/>\nQuiero so\u00f1ar<br \/>\nQuiero re\u00edr<br \/>\nQuiero estudiar<br \/>\nQuiero hablar<br \/>\nQuiero cantar<br \/>\nQuiero jugar<br \/>\nQuiero so\u00f1ar<\/p>\n<p>Ella con su sombrero<br \/>\nmejillas rojas con heridas por el fr\u00edo<br \/>\nSu falda larga colorida<br \/>\nembellece su cuerpo con tanta ternura<\/p>\n<p>No conoc\u00ed a mis abuelos<br \/>\nporque murieron en una guerra que no entend\u00ed<br \/>\nsolo caus\u00f3 muertes inocentes<\/p>\n<p>Pero mejor, volvamos a mi historia<br \/>\nporque<\/p>\n<p>No, no, no, no, que no vuelva<br \/>\nNo, no, no, no, jam\u00e1s<br \/>\nYo tambi\u00e9n sufr\u00ed una muerte inconsciente<br \/>\nRompe tus miedos<\/p>\n<p>Quiero jugar<br \/>\nQuiero so\u00f1ar<br \/>\nQuiero re\u00edr<br \/>\nQuiero estudiar<br \/>\nQuiero hablar<br \/>\nQuiero cantar<br \/>\nQuiero jugar<br \/>\nQuiero so\u00f1ar<\/p>\n<p>Como t\u00fa<br \/>\nComo t\u00fa<br \/>\nComo t\u00fa<\/p>\n<p>Crec\u00ed con mi \u00fanico amigo del lado<br \/>\njugando vendados, un juego que inventamos<br \/>\ny mientras corr\u00edamos<br \/>\nel viento golpeaba nuestros rostros congelados<br \/>\nnuestros zapatos eternos pisaban los charcos de agua que cruzaban mis pies<br \/>\ny eso fue a los diez<br \/>\ncreciendo en la campo verde y blanco<\/p>\n<p>Caminaba horas para aprender y entender el mundo en otro idioma<br \/>\nCansada y hastiada de recibir pan con agua<\/p>\n<p>Terminaba a las 3 pero llegaba a las 6<br \/>\nLa luz empez\u00f3 a desvanecer, sent\u00ed pasos ajenos.<br \/>\nMe sigui\u00f3<\/p>\n<p>No, no, no, no, y sin saber qu\u00e9 hacer<br \/>\nNo, no, no, no, su sombra conjugaba con el atardecer<br \/>\nNo, no, no, no, nadie escuch\u00f3<br \/>\nNo conoc\u00ed la democracia<\/p>\n<p>Rompe tus miedos<\/p>\n<p>Quiero jugar<br \/>\nQuiero so\u00f1ar<br \/>\nQuiero re\u00edr<br \/>\nQuiero estudiar<br \/>\nQuiero hablar<br \/>\nQuiero cantar<br \/>\nQuiero jugar<br \/>\nQuiero so\u00f1ar<\/p>\n<p>Como t\u00fa<\/p>\n<p>Demu\u00e9strales que pueden volar<br \/>\ntodav\u00eda no lograste el vuelo m\u00e1s alto<br \/>\n\u00bfNo?<br \/>\nRompe tus miedos<\/p>\n<p>Quiero jugar<br \/>\nQuiero so\u00f1ar<br \/>\nQuiero re\u00edr<br \/>\nQuiero estudiar<br \/>\nQuiero hablar<br \/>\nQuiero cantar<br \/>\nQuiero jugar<br \/>\nQuiero so\u00f1ar<\/p>\n<p>Como t\u00fa<br \/>\nComo t\u00fa<\/p>\n","protected":false},"featured_media":4851,"template":"","meta":{"_monsterinsights_skip_tracking":false,"_monsterinsights_sitenote_active":false,"_monsterinsights_sitenote_note":"","_monsterinsights_sitenote_category":0},"product_brand":[],"product_cat":[427,284,279],"product_tag":[],"press":[],"class_list":{"0":"post-6384","1":"product","2":"type-product","3":"status-publish","4":"has-post-thumbnail","6":"product_author-renata-flores-es","7":"product_cat-canciones","8":"product_cat-coda-es","9":"product_cat-musuq-illa-libro","10":"pa_country-peru-es-es","11":"pa_period-siglo-xxi","12":"pa_region-city-ayacucho-es","14":"first","15":"instock","16":"shipping-taxable","17":"product-type-external"},"yoast_head":"<!-- This site is optimized with the Yoast SEO plugin v27.6 - https:\/\/yoast.com\/product\/yoast-seo-wordpress\/ -->\n<title>Como t\u00fa - Musuq Illa<\/title>\n<meta name=\"robots\" content=\"noindex, follow, max-snippet:-1, max-image-preview:large, max-video-preview:-1\" \/>\n<meta property=\"og:locale\" content=\"es_ES\" \/>\n<meta property=\"og:type\" content=\"article\" \/>\n<meta property=\"og:title\" content=\"Como t\u00fa - Musuq Illa\" \/>\n<meta property=\"og:description\" content=\"Quiero jugar Quiero so\u00f1ar Quiero re\u00edr Quiero estudiar Quiero hablar Quiero cantar Quiero jugar Quiero so\u00f1ar  Ella con su sombrero mejillas rojas con heridas por el fr\u00edo Su falda larga colorida embellece su cuerpo con tanta ternura   No conoc\u00ed a mis abuelos porque murieron en una guerra que no entend\u00ed solo caus\u00f3 muertes inocentes   Pero mejor, volvamos a mi historia porque   No, no, no, no, que no vuelva No, no, no, no, jam\u00e1s Yo tambi\u00e9n sufr\u00ed una muerte inconsciente  Rompe tus miedos   Quiero jugar Quiero so\u00f1ar Quiero re\u00edr Quiero estudiar Quiero hablar Quiero cantar Quiero jugar Quiero so\u00f1ar   Como t\u00fa Como t\u00fa Como t\u00fa   Crec\u00ed con mi \u00fanico amigo del lado jugando vendados, un juego que inventamos y mientras corr\u00edamos el viento golpeaba nuestros rostros congelados nuestros zapatos eternos pisaban los charcos de agua que cruzaban mis pies y eso fue a los diez creciendo en la campo verde y blanco   Caminaba horas para aprender y entender el mundo en otro idioma Cansada y hastiada de recibir pan con agua   Terminaba a las 3 pero llegaba a las 6 La luz empez\u00f3 a desvanecer, sent\u00ed pasos ajenos. Me sigui\u00f3   No, no, no, no, y sin saber qu\u00e9 hacer  No, no, no, no, su sombra conjugaba con el atardecer No, no, no, no, nadie escuch\u00f3 No conoc\u00ed la democracia   Rompe tus miedos   Quiero jugar Quiero so\u00f1ar Quiero re\u00edr Quiero estudiar Quiero hablar Quiero cantar Quiero jugar Quiero so\u00f1ar   Como t\u00fa   Demu\u00e9strales que pueden volar todav\u00eda no lograste el vuelo m\u00e1s alto \u00bfNo? Rompe tus miedos   Quiero jugar Quiero so\u00f1ar Quiero re\u00edr Quiero estudiar Quiero hablar Quiero cantar Quiero jugar Quiero so\u00f1ar   Como t\u00fa Como t\u00fa\" \/>\n<meta property=\"og:url\" content=\"https:\/\/staging.musuqilla.info\/es\/poema-estante\/como-tu\/\" \/>\n<meta property=\"og:site_name\" content=\"Musuq Illa\" \/>\n<meta property=\"article:modified_time\" content=\"2021-05-21T18:15:03+00:00\" \/>\n<meta property=\"og:image\" content=\"https:\/\/cdn.musuqilla.info\/wp-content\/uploads\/2021\/03\/21190801\/renata-flores_qam-hina_15c.jpg\" \/>\n\t<meta property=\"og:image:width\" content=\"855\" \/>\n\t<meta property=\"og:image:height\" content=\"1280\" \/>\n\t<meta property=\"og:image:type\" content=\"image\/jpeg\" \/>\n<meta name=\"twitter:card\" content=\"summary_large_image\" \/>\n<meta name=\"twitter:site\" content=\"@MusuqIlla\" \/>\n<script type=\"application\/ld+json\" class=\"yoast-schema-graph\">{\"@context\":\"https:\\\/\\\/schema.org\",\"@graph\":[{\"@type\":\"WebPage\",\"@id\":\"https:\\\/\\\/staging.musuqilla.info\\\/es\\\/poema-estante\\\/como-tu\\\/\",\"url\":\"https:\\\/\\\/staging.musuqilla.info\\\/es\\\/poema-estante\\\/como-tu\\\/\",\"name\":\"Como t\u00fa - Musuq Illa\",\"isPartOf\":{\"@id\":\"https:\\\/\\\/staging.musuqilla.info\\\/es\\\/#website\"},\"primaryImageOfPage\":{\"@id\":\"https:\\\/\\\/staging.musuqilla.info\\\/es\\\/poema-estante\\\/como-tu\\\/#primaryimage\"},\"image\":{\"@id\":\"https:\\\/\\\/staging.musuqilla.info\\\/es\\\/poema-estante\\\/como-tu\\\/#primaryimage\"},\"thumbnailUrl\":\"https:\\\/\\\/staging.musuqilla.info\\\/wp-content\\\/uploads\\\/2021\\\/03\\\/renata-flores_qam-hina_15c.jpg\",\"datePublished\":\"2021-05-20T22:46:27+00:00\",\"dateModified\":\"2021-05-21T18:15:03+00:00\",\"breadcrumb\":{\"@id\":\"https:\\\/\\\/staging.musuqilla.info\\\/es\\\/poema-estante\\\/como-tu\\\/#breadcrumb\"},\"inLanguage\":\"es-PE\",\"potentialAction\":[{\"@type\":\"ReadAction\",\"target\":[\"https:\\\/\\\/staging.musuqilla.info\\\/es\\\/poema-estante\\\/como-tu\\\/\"]}]},{\"@type\":\"ImageObject\",\"inLanguage\":\"es-PE\",\"@id\":\"https:\\\/\\\/staging.musuqilla.info\\\/es\\\/poema-estante\\\/como-tu\\\/#primaryimage\",\"url\":\"https:\\\/\\\/staging.musuqilla.info\\\/wp-content\\\/uploads\\\/2021\\\/03\\\/renata-flores_qam-hina_15c.jpg\",\"contentUrl\":\"https:\\\/\\\/staging.musuqilla.info\\\/wp-content\\\/uploads\\\/2021\\\/03\\\/renata-flores_qam-hina_15c.jpg\",\"width\":855,\"height\":1280},{\"@type\":\"BreadcrumbList\",\"@id\":\"https:\\\/\\\/staging.musuqilla.info\\\/es\\\/poema-estante\\\/como-tu\\\/#breadcrumb\",\"itemListElement\":[{\"@type\":\"ListItem\",\"position\":1,\"name\":\"Inicio\",\"item\":\"https:\\\/\\\/staging.musuqilla.info\\\/es\\\/\"},{\"@type\":\"ListItem\",\"position\":2,\"name\":\"Estante\",\"item\":\"https:\\\/\\\/staging.musuqilla.info\\\/es\\\/estante\\\/\"},{\"@type\":\"ListItem\",\"position\":3,\"name\":\"Como t\u00fa\"}]},{\"@type\":\"WebSite\",\"@id\":\"https:\\\/\\\/staging.musuqilla.info\\\/es\\\/#website\",\"url\":\"https:\\\/\\\/staging.musuqilla.info\\\/es\\\/\",\"name\":\"Musuq Illa\",\"description\":\"Harawikuna runasimipi\",\"publisher\":{\"@id\":\"https:\\\/\\\/staging.musuqilla.info\\\/es\\\/#organization\"},\"potentialAction\":[{\"@type\":\"SearchAction\",\"target\":{\"@type\":\"EntryPoint\",\"urlTemplate\":\"https:\\\/\\\/staging.musuqilla.info\\\/es\\\/?s={search_term_string}\"},\"query-input\":{\"@type\":\"PropertyValueSpecification\",\"valueRequired\":true,\"valueName\":\"search_term_string\"}}],\"inLanguage\":\"es-PE\"},{\"@type\":\"Organization\",\"@id\":\"https:\\\/\\\/staging.musuqilla.info\\\/es\\\/#organization\",\"name\":\"Musuq Illa\",\"url\":\"https:\\\/\\\/staging.musuqilla.info\\\/es\\\/\",\"logo\":{\"@type\":\"ImageObject\",\"inLanguage\":\"es-PE\",\"@id\":\"https:\\\/\\\/staging.musuqilla.info\\\/es\\\/#\\\/schema\\\/logo\\\/image\\\/\",\"url\":\"https:\\\/\\\/i0.wp.com\\\/musuqilla.info\\\/wp-content\\\/uploads\\\/2020\\\/11\\\/musuq_illa_masthead_logo_txt_E_2x_smaller.png?fit=348%2C264&ssl=1\",\"contentUrl\":\"https:\\\/\\\/i0.wp.com\\\/musuqilla.info\\\/wp-content\\\/uploads\\\/2020\\\/11\\\/musuq_illa_masthead_logo_txt_E_2x_smaller.png?fit=348%2C264&ssl=1\",\"width\":348,\"height\":264,\"caption\":\"Musuq Illa\"},\"image\":{\"@id\":\"https:\\\/\\\/staging.musuqilla.info\\\/es\\\/#\\\/schema\\\/logo\\\/image\\\/\"},\"sameAs\":[\"https:\\\/\\\/x.com\\\/MusuqIlla\"]}]}<\/script>\n<!-- \/ Yoast SEO plugin. -->","yoast_head_json":{"title":"Como t\u00fa - Musuq Illa","robots":{"index":"noindex","follow":"follow","max-snippet":"max-snippet:-1","max-image-preview":"max-image-preview:large","max-video-preview":"max-video-preview:-1"},"og_locale":"es_ES","og_type":"article","og_title":"Como t\u00fa - Musuq Illa","og_description":"Quiero jugar Quiero so\u00f1ar Quiero re\u00edr Quiero estudiar Quiero hablar Quiero cantar Quiero jugar Quiero so\u00f1ar  Ella con su sombrero mejillas rojas con heridas por el fr\u00edo Su falda larga colorida embellece su cuerpo con tanta ternura   No conoc\u00ed a mis abuelos porque murieron en una guerra que no entend\u00ed solo caus\u00f3 muertes inocentes   Pero mejor, volvamos a mi historia porque   No, no, no, no, que no vuelva No, no, no, no, jam\u00e1s Yo tambi\u00e9n sufr\u00ed una muerte inconsciente  Rompe tus miedos   Quiero jugar Quiero so\u00f1ar Quiero re\u00edr Quiero estudiar Quiero hablar Quiero cantar Quiero jugar Quiero so\u00f1ar   Como t\u00fa Como t\u00fa Como t\u00fa   Crec\u00ed con mi \u00fanico amigo del lado jugando vendados, un juego que inventamos y mientras corr\u00edamos el viento golpeaba nuestros rostros congelados nuestros zapatos eternos pisaban los charcos de agua que cruzaban mis pies y eso fue a los diez creciendo en la campo verde y blanco   Caminaba horas para aprender y entender el mundo en otro idioma Cansada y hastiada de recibir pan con agua   Terminaba a las 3 pero llegaba a las 6 La luz empez\u00f3 a desvanecer, sent\u00ed pasos ajenos. Me sigui\u00f3   No, no, no, no, y sin saber qu\u00e9 hacer  No, no, no, no, su sombra conjugaba con el atardecer No, no, no, no, nadie escuch\u00f3 No conoc\u00ed la democracia   Rompe tus miedos   Quiero jugar Quiero so\u00f1ar Quiero re\u00edr Quiero estudiar Quiero hablar Quiero cantar Quiero jugar Quiero so\u00f1ar   Como t\u00fa   Demu\u00e9strales que pueden volar todav\u00eda no lograste el vuelo m\u00e1s alto \u00bfNo? Rompe tus miedos   Quiero jugar Quiero so\u00f1ar Quiero re\u00edr Quiero estudiar Quiero hablar Quiero cantar Quiero jugar Quiero so\u00f1ar   Como t\u00fa Como t\u00fa","og_url":"https:\/\/staging.musuqilla.info\/es\/poema-estante\/como-tu\/","og_site_name":"Musuq Illa","article_modified_time":"2021-05-21T18:15:03+00:00","og_image":[{"width":855,"height":1280,"url":"https:\/\/cdn.musuqilla.info\/wp-content\/uploads\/2021\/03\/21190801\/renata-flores_qam-hina_15c.jpg","type":"image\/jpeg"}],"twitter_card":"summary_large_image","twitter_site":"@MusuqIlla","schema":{"@context":"https:\/\/schema.org","@graph":[{"@type":"WebPage","@id":"https:\/\/staging.musuqilla.info\/es\/poema-estante\/como-tu\/","url":"https:\/\/staging.musuqilla.info\/es\/poema-estante\/como-tu\/","name":"Como t\u00fa - Musuq Illa","isPartOf":{"@id":"https:\/\/staging.musuqilla.info\/es\/#website"},"primaryImageOfPage":{"@id":"https:\/\/staging.musuqilla.info\/es\/poema-estante\/como-tu\/#primaryimage"},"image":{"@id":"https:\/\/staging.musuqilla.info\/es\/poema-estante\/como-tu\/#primaryimage"},"thumbnailUrl":"https:\/\/staging.musuqilla.info\/wp-content\/uploads\/2021\/03\/renata-flores_qam-hina_15c.jpg","datePublished":"2021-05-20T22:46:27+00:00","dateModified":"2021-05-21T18:15:03+00:00","breadcrumb":{"@id":"https:\/\/staging.musuqilla.info\/es\/poema-estante\/como-tu\/#breadcrumb"},"inLanguage":"es-PE","potentialAction":[{"@type":"ReadAction","target":["https:\/\/staging.musuqilla.info\/es\/poema-estante\/como-tu\/"]}]},{"@type":"ImageObject","inLanguage":"es-PE","@id":"https:\/\/staging.musuqilla.info\/es\/poema-estante\/como-tu\/#primaryimage","url":"https:\/\/staging.musuqilla.info\/wp-content\/uploads\/2021\/03\/renata-flores_qam-hina_15c.jpg","contentUrl":"https:\/\/staging.musuqilla.info\/wp-content\/uploads\/2021\/03\/renata-flores_qam-hina_15c.jpg","width":855,"height":1280},{"@type":"BreadcrumbList","@id":"https:\/\/staging.musuqilla.info\/es\/poema-estante\/como-tu\/#breadcrumb","itemListElement":[{"@type":"ListItem","position":1,"name":"Inicio","item":"https:\/\/staging.musuqilla.info\/es\/"},{"@type":"ListItem","position":2,"name":"Estante","item":"https:\/\/staging.musuqilla.info\/es\/estante\/"},{"@type":"ListItem","position":3,"name":"Como t\u00fa"}]},{"@type":"WebSite","@id":"https:\/\/staging.musuqilla.info\/es\/#website","url":"https:\/\/staging.musuqilla.info\/es\/","name":"Musuq Illa","description":"Harawikuna runasimipi","publisher":{"@id":"https:\/\/staging.musuqilla.info\/es\/#organization"},"potentialAction":[{"@type":"SearchAction","target":{"@type":"EntryPoint","urlTemplate":"https:\/\/staging.musuqilla.info\/es\/?s={search_term_string}"},"query-input":{"@type":"PropertyValueSpecification","valueRequired":true,"valueName":"search_term_string"}}],"inLanguage":"es-PE"},{"@type":"Organization","@id":"https:\/\/staging.musuqilla.info\/es\/#organization","name":"Musuq Illa","url":"https:\/\/staging.musuqilla.info\/es\/","logo":{"@type":"ImageObject","inLanguage":"es-PE","@id":"https:\/\/staging.musuqilla.info\/es\/#\/schema\/logo\/image\/","url":"https:\/\/i0.wp.com\/musuqilla.info\/wp-content\/uploads\/2020\/11\/musuq_illa_masthead_logo_txt_E_2x_smaller.png?fit=348%2C264&ssl=1","contentUrl":"https:\/\/i0.wp.com\/musuqilla.info\/wp-content\/uploads\/2020\/11\/musuq_illa_masthead_logo_txt_E_2x_smaller.png?fit=348%2C264&ssl=1","width":348,"height":264,"caption":"Musuq Illa"},"image":{"@id":"https:\/\/staging.musuqilla.info\/es\/#\/schema\/logo\/image\/"},"sameAs":["https:\/\/x.com\/MusuqIlla"]}]}},"_links":{"self":[{"href":"https:\/\/staging.musuqilla.info\/es\/wp-json\/wp\/v2\/product\/6384","targetHints":{"allow":["GET"]}}],"collection":[{"href":"https:\/\/staging.musuqilla.info\/es\/wp-json\/wp\/v2\/product"}],"about":[{"href":"https:\/\/staging.musuqilla.info\/es\/wp-json\/wp\/v2\/types\/product"}],"wp:featuredmedia":[{"embeddable":true,"href":"https:\/\/staging.musuqilla.info\/es\/wp-json\/wp\/v2\/media\/4851"}],"wp:attachment":[{"href":"https:\/\/staging.musuqilla.info\/es\/wp-json\/wp\/v2\/media?parent=6384"}],"wp:term":[{"taxonomy":"product_brand","embeddable":true,"href":"https:\/\/staging.musuqilla.info\/es\/wp-json\/wp\/v2\/product_brand?post=6384"},{"taxonomy":"product_cat","embeddable":true,"href":"https:\/\/staging.musuqilla.info\/es\/wp-json\/wp\/v2\/product_cat?post=6384"},{"taxonomy":"product_tag","embeddable":true,"href":"https:\/\/staging.musuqilla.info\/es\/wp-json\/wp\/v2\/product_tag?post=6384"},{"taxonomy":"press","embeddable":true,"href":"https:\/\/staging.musuqilla.info\/es\/wp-json\/wp\/v2\/press?post=6384"}],"curies":[{"name":"wp","href":"https:\/\/api.w.org\/{rel}","templated":true}]}}