{"id":6387,"date":"2021-05-20T18:06:07","date_gmt":"2021-05-20T23:06:07","guid":{"rendered":"https:\/\/musuqilla.info\/harawikuna-qulqakuna\/tijeras\/"},"modified":"2021-05-21T13:16:41","modified_gmt":"2021-05-21T18:16:41","slug":"tijeras","status":"publish","type":"product","link":"https:\/\/staging.musuqilla.info\/es\/poema-estante\/tijeras\/","title":{"rendered":"Tijeras"},"content":{"rendered":"","protected":false},"excerpt":{"rendered":"<p>Nadie mira nada<br \/>\nNo puedo hablar, quiero hablar<br \/>\nCon mucha bulla, la gente<br \/>\nNadie escucha lo que digo<br \/>\nEntonces digo: gritar\u00e9<\/p>\n<p>Escucha y te dir\u00e9<br \/>\nEscucha y te dir\u00e9<\/p>\n<p>Miro, estando arriba en la oscuridad<br \/>\nMiro la luz, entonces escucho<br \/>\n\u201cSigue\u201d dice<br \/>\nNadie mira<br \/>\nNo puedo hacer nada<br \/>\nQuiero hablar<br \/>\nCon mucha bulla<br \/>\nNadie escucha lo que digo<br \/>\nEntonces digo: Gritar\u00e9 con todas mis fuerzas<br \/>\n\u00bfQu\u00e9?<\/p>\n<p>Nadie mira nada<br \/>\nNo puedo hablar, quiero hablar<br \/>\nCon mucha bulla, la gente<br \/>\nNadie escucha lo que digo<br \/>\nEntonces digo: Gritar\u00e9<\/p>\n<p>Talvez mi grito lo cante lindo<br \/>\nY as\u00ed escuche la gente<br \/>\nMiro con tristeza, tanto dolor<br \/>\nGente mentirosa<br \/>\nNo hace bien<br \/>\nNosotros les dimos el poder<br \/>\nComprando flores?<\/p>\n<p>Escucha y te dir\u00e9<br \/>\nEscucha y te dir\u00e9<\/p>\n<p>No tengas miedo de hablar<br \/>\nNo tengas miedo de hablar<\/p>\n<p>M\u00edrame, ahora soy m\u00e1s fuerte<br \/>\nM\u00edrame, ya no tengo miedo<br \/>\nAhora s\u00ed, tengo esperanza<\/p>\n<p>Mujeres [\u2026] estemos unidas<\/p>\n","protected":false},"featured_media":4848,"template":"","meta":{"_monsterinsights_skip_tracking":false,"_monsterinsights_sitenote_active":false,"_monsterinsights_sitenote_note":"","_monsterinsights_sitenote_category":0},"product_brand":[],"product_cat":[427,284,279],"product_tag":[],"press":[],"class_list":{"0":"post-6387","1":"product","2":"type-product","3":"status-publish","4":"has-post-thumbnail","6":"product_author-renata-flores-es","7":"product_cat-canciones","8":"product_cat-coda-es","9":"product_cat-musuq-illa-libro","10":"pa_country-peru-es-es","11":"pa_period-siglo-xxi","12":"pa_region-city-ayacucho-es","14":"first","15":"instock","16":"shipping-taxable","17":"product-type-external"},"yoast_head":"<!-- This site is optimized with the Yoast SEO plugin v27.6 - https:\/\/yoast.com\/product\/yoast-seo-wordpress\/ -->\n<title>Tijeras - Musuq Illa<\/title>\n<meta name=\"robots\" content=\"noindex, follow, max-snippet:-1, max-image-preview:large, max-video-preview:-1\" \/>\n<meta property=\"og:locale\" content=\"es_ES\" \/>\n<meta property=\"og:type\" content=\"article\" \/>\n<meta property=\"og:title\" content=\"Tijeras - Musuq Illa\" \/>\n<meta property=\"og:description\" content=\"Nadie mira nada No puedo hablar, quiero hablar Con mucha bulla, la gente Nadie escucha lo que digo Entonces digo: gritar\u00e9   Escucha y te dir\u00e9 Escucha y te dir\u00e9   Miro, estando arriba en la oscuridad Miro la luz, entonces escucho \u201cSigue\u201d dice Nadie mira No puedo hacer nada Quiero hablar Con mucha bulla Nadie escucha lo que digo Entonces digo: Gritar\u00e9 con todas mis fuerzas \u00bfQu\u00e9?   Nadie mira nada No puedo hablar, quiero hablar Con mucha bulla, la gente Nadie escucha lo que digo Entonces digo: Gritar\u00e9   Talvez mi grito lo cante lindo Y as\u00ed escuche la gente Miro con tristeza, tanto dolor Gente mentirosa No hace bien Nosotros les dimos el poder Comprando flores?   Escucha y te dir\u00e9 Escucha y te dir\u00e9   No tengas miedo de hablar No tengas miedo de hablar   M\u00edrame, ahora soy m\u00e1s fuerte M\u00edrame, ya no tengo miedo Ahora s\u00ed, tengo esperanza   Mujeres [\u2026] estemos unidas\" \/>\n<meta property=\"og:url\" content=\"https:\/\/staging.musuqilla.info\/es\/poema-estante\/tijeras\/\" \/>\n<meta property=\"og:site_name\" content=\"Musuq Illa\" \/>\n<meta property=\"article:modified_time\" content=\"2021-05-21T18:16:41+00:00\" \/>\n<meta property=\"og:image\" content=\"https:\/\/cdn.musuqilla.info\/wp-content\/uploads\/2021\/03\/21190803\/renata-flores_tijeras_15b.jpg\" \/>\n\t<meta property=\"og:image:width\" content=\"855\" \/>\n\t<meta property=\"og:image:height\" content=\"1280\" \/>\n\t<meta property=\"og:image:type\" content=\"image\/jpeg\" \/>\n<meta name=\"twitter:card\" content=\"summary_large_image\" \/>\n<meta name=\"twitter:site\" content=\"@MusuqIlla\" \/>\n<script type=\"application\/ld+json\" class=\"yoast-schema-graph\">{\"@context\":\"https:\\\/\\\/schema.org\",\"@graph\":[{\"@type\":\"WebPage\",\"@id\":\"https:\\\/\\\/staging.musuqilla.info\\\/es\\\/poema-estante\\\/tijeras\\\/\",\"url\":\"https:\\\/\\\/staging.musuqilla.info\\\/es\\\/poema-estante\\\/tijeras\\\/\",\"name\":\"Tijeras - Musuq Illa\",\"isPartOf\":{\"@id\":\"https:\\\/\\\/staging.musuqilla.info\\\/es\\\/#website\"},\"primaryImageOfPage\":{\"@id\":\"https:\\\/\\\/staging.musuqilla.info\\\/es\\\/poema-estante\\\/tijeras\\\/#primaryimage\"},\"image\":{\"@id\":\"https:\\\/\\\/staging.musuqilla.info\\\/es\\\/poema-estante\\\/tijeras\\\/#primaryimage\"},\"thumbnailUrl\":\"https:\\\/\\\/staging.musuqilla.info\\\/wp-content\\\/uploads\\\/2021\\\/03\\\/renata-flores_tijeras_15b.jpg\",\"datePublished\":\"2021-05-20T23:06:07+00:00\",\"dateModified\":\"2021-05-21T18:16:41+00:00\",\"breadcrumb\":{\"@id\":\"https:\\\/\\\/staging.musuqilla.info\\\/es\\\/poema-estante\\\/tijeras\\\/#breadcrumb\"},\"inLanguage\":\"es-PE\",\"potentialAction\":[{\"@type\":\"ReadAction\",\"target\":[\"https:\\\/\\\/staging.musuqilla.info\\\/es\\\/poema-estante\\\/tijeras\\\/\"]}]},{\"@type\":\"ImageObject\",\"inLanguage\":\"es-PE\",\"@id\":\"https:\\\/\\\/staging.musuqilla.info\\\/es\\\/poema-estante\\\/tijeras\\\/#primaryimage\",\"url\":\"https:\\\/\\\/staging.musuqilla.info\\\/wp-content\\\/uploads\\\/2021\\\/03\\\/renata-flores_tijeras_15b.jpg\",\"contentUrl\":\"https:\\\/\\\/staging.musuqilla.info\\\/wp-content\\\/uploads\\\/2021\\\/03\\\/renata-flores_tijeras_15b.jpg\",\"width\":855,\"height\":1280},{\"@type\":\"BreadcrumbList\",\"@id\":\"https:\\\/\\\/staging.musuqilla.info\\\/es\\\/poema-estante\\\/tijeras\\\/#breadcrumb\",\"itemListElement\":[{\"@type\":\"ListItem\",\"position\":1,\"name\":\"Inicio\",\"item\":\"https:\\\/\\\/staging.musuqilla.info\\\/es\\\/\"},{\"@type\":\"ListItem\",\"position\":2,\"name\":\"Estante\",\"item\":\"https:\\\/\\\/staging.musuqilla.info\\\/es\\\/estante\\\/\"},{\"@type\":\"ListItem\",\"position\":3,\"name\":\"Tijeras\"}]},{\"@type\":\"WebSite\",\"@id\":\"https:\\\/\\\/staging.musuqilla.info\\\/es\\\/#website\",\"url\":\"https:\\\/\\\/staging.musuqilla.info\\\/es\\\/\",\"name\":\"Musuq Illa\",\"description\":\"Harawikuna runasimipi\",\"publisher\":{\"@id\":\"https:\\\/\\\/staging.musuqilla.info\\\/es\\\/#organization\"},\"potentialAction\":[{\"@type\":\"SearchAction\",\"target\":{\"@type\":\"EntryPoint\",\"urlTemplate\":\"https:\\\/\\\/staging.musuqilla.info\\\/es\\\/?s={search_term_string}\"},\"query-input\":{\"@type\":\"PropertyValueSpecification\",\"valueRequired\":true,\"valueName\":\"search_term_string\"}}],\"inLanguage\":\"es-PE\"},{\"@type\":\"Organization\",\"@id\":\"https:\\\/\\\/staging.musuqilla.info\\\/es\\\/#organization\",\"name\":\"Musuq Illa\",\"url\":\"https:\\\/\\\/staging.musuqilla.info\\\/es\\\/\",\"logo\":{\"@type\":\"ImageObject\",\"inLanguage\":\"es-PE\",\"@id\":\"https:\\\/\\\/staging.musuqilla.info\\\/es\\\/#\\\/schema\\\/logo\\\/image\\\/\",\"url\":\"https:\\\/\\\/i0.wp.com\\\/musuqilla.info\\\/wp-content\\\/uploads\\\/2020\\\/11\\\/musuq_illa_masthead_logo_txt_E_2x_smaller.png?fit=348%2C264&ssl=1\",\"contentUrl\":\"https:\\\/\\\/i0.wp.com\\\/musuqilla.info\\\/wp-content\\\/uploads\\\/2020\\\/11\\\/musuq_illa_masthead_logo_txt_E_2x_smaller.png?fit=348%2C264&ssl=1\",\"width\":348,\"height\":264,\"caption\":\"Musuq Illa\"},\"image\":{\"@id\":\"https:\\\/\\\/staging.musuqilla.info\\\/es\\\/#\\\/schema\\\/logo\\\/image\\\/\"},\"sameAs\":[\"https:\\\/\\\/x.com\\\/MusuqIlla\"]}]}<\/script>\n<!-- \/ Yoast SEO plugin. -->","yoast_head_json":{"title":"Tijeras - Musuq Illa","robots":{"index":"noindex","follow":"follow","max-snippet":"max-snippet:-1","max-image-preview":"max-image-preview:large","max-video-preview":"max-video-preview:-1"},"og_locale":"es_ES","og_type":"article","og_title":"Tijeras - Musuq Illa","og_description":"Nadie mira nada No puedo hablar, quiero hablar Con mucha bulla, la gente Nadie escucha lo que digo Entonces digo: gritar\u00e9   Escucha y te dir\u00e9 Escucha y te dir\u00e9   Miro, estando arriba en la oscuridad Miro la luz, entonces escucho \u201cSigue\u201d dice Nadie mira No puedo hacer nada Quiero hablar Con mucha bulla Nadie escucha lo que digo Entonces digo: Gritar\u00e9 con todas mis fuerzas \u00bfQu\u00e9?   Nadie mira nada No puedo hablar, quiero hablar Con mucha bulla, la gente Nadie escucha lo que digo Entonces digo: Gritar\u00e9   Talvez mi grito lo cante lindo Y as\u00ed escuche la gente Miro con tristeza, tanto dolor Gente mentirosa No hace bien Nosotros les dimos el poder Comprando flores?   Escucha y te dir\u00e9 Escucha y te dir\u00e9   No tengas miedo de hablar No tengas miedo de hablar   M\u00edrame, ahora soy m\u00e1s fuerte M\u00edrame, ya no tengo miedo Ahora s\u00ed, tengo esperanza   Mujeres [\u2026] estemos unidas","og_url":"https:\/\/staging.musuqilla.info\/es\/poema-estante\/tijeras\/","og_site_name":"Musuq Illa","article_modified_time":"2021-05-21T18:16:41+00:00","og_image":[{"width":855,"height":1280,"url":"https:\/\/cdn.musuqilla.info\/wp-content\/uploads\/2021\/03\/21190803\/renata-flores_tijeras_15b.jpg","type":"image\/jpeg"}],"twitter_card":"summary_large_image","twitter_site":"@MusuqIlla","schema":{"@context":"https:\/\/schema.org","@graph":[{"@type":"WebPage","@id":"https:\/\/staging.musuqilla.info\/es\/poema-estante\/tijeras\/","url":"https:\/\/staging.musuqilla.info\/es\/poema-estante\/tijeras\/","name":"Tijeras - Musuq Illa","isPartOf":{"@id":"https:\/\/staging.musuqilla.info\/es\/#website"},"primaryImageOfPage":{"@id":"https:\/\/staging.musuqilla.info\/es\/poema-estante\/tijeras\/#primaryimage"},"image":{"@id":"https:\/\/staging.musuqilla.info\/es\/poema-estante\/tijeras\/#primaryimage"},"thumbnailUrl":"https:\/\/staging.musuqilla.info\/wp-content\/uploads\/2021\/03\/renata-flores_tijeras_15b.jpg","datePublished":"2021-05-20T23:06:07+00:00","dateModified":"2021-05-21T18:16:41+00:00","breadcrumb":{"@id":"https:\/\/staging.musuqilla.info\/es\/poema-estante\/tijeras\/#breadcrumb"},"inLanguage":"es-PE","potentialAction":[{"@type":"ReadAction","target":["https:\/\/staging.musuqilla.info\/es\/poema-estante\/tijeras\/"]}]},{"@type":"ImageObject","inLanguage":"es-PE","@id":"https:\/\/staging.musuqilla.info\/es\/poema-estante\/tijeras\/#primaryimage","url":"https:\/\/staging.musuqilla.info\/wp-content\/uploads\/2021\/03\/renata-flores_tijeras_15b.jpg","contentUrl":"https:\/\/staging.musuqilla.info\/wp-content\/uploads\/2021\/03\/renata-flores_tijeras_15b.jpg","width":855,"height":1280},{"@type":"BreadcrumbList","@id":"https:\/\/staging.musuqilla.info\/es\/poema-estante\/tijeras\/#breadcrumb","itemListElement":[{"@type":"ListItem","position":1,"name":"Inicio","item":"https:\/\/staging.musuqilla.info\/es\/"},{"@type":"ListItem","position":2,"name":"Estante","item":"https:\/\/staging.musuqilla.info\/es\/estante\/"},{"@type":"ListItem","position":3,"name":"Tijeras"}]},{"@type":"WebSite","@id":"https:\/\/staging.musuqilla.info\/es\/#website","url":"https:\/\/staging.musuqilla.info\/es\/","name":"Musuq Illa","description":"Harawikuna runasimipi","publisher":{"@id":"https:\/\/staging.musuqilla.info\/es\/#organization"},"potentialAction":[{"@type":"SearchAction","target":{"@type":"EntryPoint","urlTemplate":"https:\/\/staging.musuqilla.info\/es\/?s={search_term_string}"},"query-input":{"@type":"PropertyValueSpecification","valueRequired":true,"valueName":"search_term_string"}}],"inLanguage":"es-PE"},{"@type":"Organization","@id":"https:\/\/staging.musuqilla.info\/es\/#organization","name":"Musuq Illa","url":"https:\/\/staging.musuqilla.info\/es\/","logo":{"@type":"ImageObject","inLanguage":"es-PE","@id":"https:\/\/staging.musuqilla.info\/es\/#\/schema\/logo\/image\/","url":"https:\/\/i0.wp.com\/musuqilla.info\/wp-content\/uploads\/2020\/11\/musuq_illa_masthead_logo_txt_E_2x_smaller.png?fit=348%2C264&ssl=1","contentUrl":"https:\/\/i0.wp.com\/musuqilla.info\/wp-content\/uploads\/2020\/11\/musuq_illa_masthead_logo_txt_E_2x_smaller.png?fit=348%2C264&ssl=1","width":348,"height":264,"caption":"Musuq Illa"},"image":{"@id":"https:\/\/staging.musuqilla.info\/es\/#\/schema\/logo\/image\/"},"sameAs":["https:\/\/x.com\/MusuqIlla"]}]}},"_links":{"self":[{"href":"https:\/\/staging.musuqilla.info\/es\/wp-json\/wp\/v2\/product\/6387","targetHints":{"allow":["GET"]}}],"collection":[{"href":"https:\/\/staging.musuqilla.info\/es\/wp-json\/wp\/v2\/product"}],"about":[{"href":"https:\/\/staging.musuqilla.info\/es\/wp-json\/wp\/v2\/types\/product"}],"wp:featuredmedia":[{"embeddable":true,"href":"https:\/\/staging.musuqilla.info\/es\/wp-json\/wp\/v2\/media\/4848"}],"wp:attachment":[{"href":"https:\/\/staging.musuqilla.info\/es\/wp-json\/wp\/v2\/media?parent=6387"}],"wp:term":[{"taxonomy":"product_brand","embeddable":true,"href":"https:\/\/staging.musuqilla.info\/es\/wp-json\/wp\/v2\/product_brand?post=6387"},{"taxonomy":"product_cat","embeddable":true,"href":"https:\/\/staging.musuqilla.info\/es\/wp-json\/wp\/v2\/product_cat?post=6387"},{"taxonomy":"product_tag","embeddable":true,"href":"https:\/\/staging.musuqilla.info\/es\/wp-json\/wp\/v2\/product_tag?post=6387"},{"taxonomy":"press","embeddable":true,"href":"https:\/\/staging.musuqilla.info\/es\/wp-json\/wp\/v2\/press?post=6387"}],"curies":[{"name":"wp","href":"https:\/\/api.w.org\/{rel}","templated":true}]}}