{"id":6937,"date":"2021-08-06T16:45:49","date_gmt":"2021-08-06T21:45:49","guid":{"rendered":"https:\/\/musuqilla.info\/?post_type=product&#038;p=6937"},"modified":"2021-08-06T13:32:19","modified_gmt":"2021-08-06T18:32:19","slug":"amor-entre-retamas","status":"publish","type":"product","link":"https:\/\/staging.musuqilla.info\/es\/poema-estante\/amor-entre-retamas\/","title":{"rendered":"Amor entre retamas"},"content":{"rendered":"","protected":false},"excerpt":{"rendered":"<p>Sentada en la piedra grande del r\u00edo<br \/>\ncomo sirenita encantadora de las cataratas<br \/>\nMe mirabas en silencio<br \/>\nParec\u00eda que adivinabas mi pensamiento<br \/>\npara ratificar el amor que yo sent\u00eda por ti. <\/p>\n<p>C\u00f3mo no voy a desear tu carita rosada<br \/>\ntus mejillas fin\u00edsimas cual duraznos brillantes<br \/>\nacariciarlas tiernamente quer\u00eda en todo momento<br \/>\nhasta tus ojitos chinitos me hac\u00edan suspirar de emoci\u00f3n<br \/>\ny las maripositas que divagaban en las riberas<br \/>\neran testigos cuando por primera vez<br \/>\nsent\u00ed la dulzura de tus labios. <\/p>\n<p>En ese d\u00eda luminoso nuestros corazones eran rec\u00edprocos<br \/>\nporque los dos conjugamos nuestros sentimientos<br \/>\ntu aliento y el m\u00edo se confundieron en una promesa.<\/p>\n<p>Yo te am\u00e9 en medio de las retamas arom\u00e1ticas<br \/>\nSab\u00edamos que nuestro romance prosperar\u00eda<br \/>\ncomo un nido de las palomas enamoradas<br \/>\ny mir\u00e1bamos con mucho anhelo el futuro que nos deparaba. <\/p>\n<p>Ahora que transcurri\u00f3 el tiempo<br \/>\nest\u00e1 latente el perfume de tus besos con olor a las dalias<br \/>\nnuestro tierno amor vibra y reto\u00f1a en cada suspiro y brillando como las florecillas<br \/>\ncuando en medio de las retamitas te amaba demasiado.<\/p>\n","protected":false},"featured_media":6909,"template":"","meta":{"_monsterinsights_skip_tracking":false,"_monsterinsights_sitenote_active":false,"_monsterinsights_sitenote_note":"","_monsterinsights_sitenote_category":0},"product_brand":[],"product_cat":[279,295,107],"product_tag":[],"press":[],"class_list":{"0":"post-6937","1":"product","2":"type-product","3":"status-publish","4":"has-post-thumbnail","6":"product_author-edwin-ramos-flores-es","7":"product_cat-musuq-illa-libro","8":"product_cat-otros-poemas","9":"product_cat-poemas","10":"pa_country-peru-es-es","11":"pa_form-verso-libre","12":"pa_period-siglo-xxi","13":"pa_region-city-ayacucho-es","14":"pa_theme-amor-intimidad","15":"pa_theme-celebratorio","16":"pa_theme-flora-y-fauna-andina","18":"first","19":"instock","20":"shipping-taxable","21":"product-type-external"},"yoast_head":"<!-- This site is optimized with the Yoast SEO plugin v27.6 - https:\/\/yoast.com\/product\/yoast-seo-wordpress\/ -->\n<title>Amor entre retamas - Musuq Illa<\/title>\n<meta name=\"robots\" content=\"noindex, follow, max-snippet:-1, max-image-preview:large, max-video-preview:-1\" \/>\n<meta property=\"og:locale\" content=\"es_ES\" \/>\n<meta property=\"og:type\" content=\"article\" \/>\n<meta property=\"og:title\" content=\"Amor entre retamas - Musuq Illa\" \/>\n<meta property=\"og:description\" content=\"Sentada en la piedra grande del r\u00edo  como sirenita encantadora de las cataratas  Me mirabas en silencio  Parec\u00eda que adivinabas mi pensamiento  para ratificar el amor que yo sent\u00eda por ti.   C\u00f3mo no voy a desear tu carita rosada  tus mejillas fin\u00edsimas cual duraznos brillantes  acariciarlas tiernamente quer\u00eda en todo momento  hasta tus ojitos chinitos me hac\u00edan suspirar de emoci\u00f3n  y las maripositas que divagaban en las riberas  eran testigos cuando por primera vez  sent\u00ed la dulzura de tus labios.   En ese d\u00eda luminoso nuestros corazones eran rec\u00edprocos  porque los dos conjugamos nuestros sentimientos tu aliento y el m\u00edo se confundieron en una promesa.   Yo te am\u00e9 en medio de las retamas arom\u00e1ticas  Sab\u00edamos que nuestro romance prosperar\u00eda  como un nido de las palomas enamoradas  y mir\u00e1bamos con mucho anhelo el futuro que nos deparaba.   Ahora que transcurri\u00f3 el tiempo  est\u00e1 latente el perfume de tus besos con olor a las dalias  nuestro tierno amor vibra y reto\u00f1a en cada suspiro y brillando como las florecillas cuando en medio de las retamitas te amaba demasiado.\" \/>\n<meta property=\"og:url\" content=\"https:\/\/staging.musuqilla.info\/es\/poema-estante\/amor-entre-retamas\/\" \/>\n<meta property=\"og:site_name\" content=\"Musuq Illa\" \/>\n<meta property=\"og:image\" content=\"https:\/\/staging.musuqilla.info\/wp-content\/uploads\/2021\/08\/ramos-flores_ritama-chawpipi-kuyanakuy_06f.jpg\" \/>\n\t<meta property=\"og:image:width\" content=\"855\" \/>\n\t<meta property=\"og:image:height\" content=\"1280\" \/>\n\t<meta property=\"og:image:type\" content=\"image\/jpeg\" \/>\n<meta name=\"twitter:card\" content=\"summary_large_image\" \/>\n<meta name=\"twitter:site\" content=\"@MusuqIlla\" \/>\n<script type=\"application\/ld+json\" class=\"yoast-schema-graph\">{\"@context\":\"https:\\\/\\\/schema.org\",\"@graph\":[{\"@type\":\"WebPage\",\"@id\":\"https:\\\/\\\/staging.musuqilla.info\\\/es\\\/poema-estante\\\/amor-entre-retamas\\\/\",\"url\":\"https:\\\/\\\/staging.musuqilla.info\\\/es\\\/poema-estante\\\/amor-entre-retamas\\\/\",\"name\":\"Amor entre retamas - Musuq Illa\",\"isPartOf\":{\"@id\":\"https:\\\/\\\/staging.musuqilla.info\\\/es\\\/#website\"},\"primaryImageOfPage\":{\"@id\":\"https:\\\/\\\/staging.musuqilla.info\\\/es\\\/poema-estante\\\/amor-entre-retamas\\\/#primaryimage\"},\"image\":{\"@id\":\"https:\\\/\\\/staging.musuqilla.info\\\/es\\\/poema-estante\\\/amor-entre-retamas\\\/#primaryimage\"},\"thumbnailUrl\":\"https:\\\/\\\/staging.musuqilla.info\\\/wp-content\\\/uploads\\\/2021\\\/08\\\/ramos-flores_ritama-chawpipi-kuyanakuy_06f.jpg\",\"datePublished\":\"2021-08-06T21:45:49+00:00\",\"breadcrumb\":{\"@id\":\"https:\\\/\\\/staging.musuqilla.info\\\/es\\\/poema-estante\\\/amor-entre-retamas\\\/#breadcrumb\"},\"inLanguage\":\"es-PE\",\"potentialAction\":[{\"@type\":\"ReadAction\",\"target\":[\"https:\\\/\\\/staging.musuqilla.info\\\/es\\\/poema-estante\\\/amor-entre-retamas\\\/\"]}]},{\"@type\":\"ImageObject\",\"inLanguage\":\"es-PE\",\"@id\":\"https:\\\/\\\/staging.musuqilla.info\\\/es\\\/poema-estante\\\/amor-entre-retamas\\\/#primaryimage\",\"url\":\"https:\\\/\\\/staging.musuqilla.info\\\/wp-content\\\/uploads\\\/2021\\\/08\\\/ramos-flores_ritama-chawpipi-kuyanakuy_06f.jpg\",\"contentUrl\":\"https:\\\/\\\/staging.musuqilla.info\\\/wp-content\\\/uploads\\\/2021\\\/08\\\/ramos-flores_ritama-chawpipi-kuyanakuy_06f.jpg\",\"width\":855,\"height\":1280},{\"@type\":\"BreadcrumbList\",\"@id\":\"https:\\\/\\\/staging.musuqilla.info\\\/es\\\/poema-estante\\\/amor-entre-retamas\\\/#breadcrumb\",\"itemListElement\":[{\"@type\":\"ListItem\",\"position\":1,\"name\":\"Inicio\",\"item\":\"https:\\\/\\\/staging.musuqilla.info\\\/es\\\/\"},{\"@type\":\"ListItem\",\"position\":2,\"name\":\"Estante\",\"item\":\"https:\\\/\\\/staging.musuqilla.info\\\/es\\\/estante\\\/\"},{\"@type\":\"ListItem\",\"position\":3,\"name\":\"Amor entre retamas\"}]},{\"@type\":\"WebSite\",\"@id\":\"https:\\\/\\\/staging.musuqilla.info\\\/es\\\/#website\",\"url\":\"https:\\\/\\\/staging.musuqilla.info\\\/es\\\/\",\"name\":\"Musuq Illa\",\"description\":\"Harawikuna runasimipi\",\"publisher\":{\"@id\":\"https:\\\/\\\/staging.musuqilla.info\\\/es\\\/#organization\"},\"potentialAction\":[{\"@type\":\"SearchAction\",\"target\":{\"@type\":\"EntryPoint\",\"urlTemplate\":\"https:\\\/\\\/staging.musuqilla.info\\\/es\\\/?s={search_term_string}\"},\"query-input\":{\"@type\":\"PropertyValueSpecification\",\"valueRequired\":true,\"valueName\":\"search_term_string\"}}],\"inLanguage\":\"es-PE\"},{\"@type\":\"Organization\",\"@id\":\"https:\\\/\\\/staging.musuqilla.info\\\/es\\\/#organization\",\"name\":\"Musuq Illa\",\"url\":\"https:\\\/\\\/staging.musuqilla.info\\\/es\\\/\",\"logo\":{\"@type\":\"ImageObject\",\"inLanguage\":\"es-PE\",\"@id\":\"https:\\\/\\\/staging.musuqilla.info\\\/es\\\/#\\\/schema\\\/logo\\\/image\\\/\",\"url\":\"https:\\\/\\\/i0.wp.com\\\/musuqilla.info\\\/wp-content\\\/uploads\\\/2020\\\/11\\\/musuq_illa_masthead_logo_txt_E_2x_smaller.png?fit=348%2C264&ssl=1\",\"contentUrl\":\"https:\\\/\\\/i0.wp.com\\\/musuqilla.info\\\/wp-content\\\/uploads\\\/2020\\\/11\\\/musuq_illa_masthead_logo_txt_E_2x_smaller.png?fit=348%2C264&ssl=1\",\"width\":348,\"height\":264,\"caption\":\"Musuq Illa\"},\"image\":{\"@id\":\"https:\\\/\\\/staging.musuqilla.info\\\/es\\\/#\\\/schema\\\/logo\\\/image\\\/\"},\"sameAs\":[\"https:\\\/\\\/x.com\\\/MusuqIlla\"]}]}<\/script>\n<!-- \/ Yoast SEO plugin. -->","yoast_head_json":{"title":"Amor entre retamas - Musuq Illa","robots":{"index":"noindex","follow":"follow","max-snippet":"max-snippet:-1","max-image-preview":"max-image-preview:large","max-video-preview":"max-video-preview:-1"},"og_locale":"es_ES","og_type":"article","og_title":"Amor entre retamas - Musuq Illa","og_description":"Sentada en la piedra grande del r\u00edo  como sirenita encantadora de las cataratas  Me mirabas en silencio  Parec\u00eda que adivinabas mi pensamiento  para ratificar el amor que yo sent\u00eda por ti.   C\u00f3mo no voy a desear tu carita rosada  tus mejillas fin\u00edsimas cual duraznos brillantes  acariciarlas tiernamente quer\u00eda en todo momento  hasta tus ojitos chinitos me hac\u00edan suspirar de emoci\u00f3n  y las maripositas que divagaban en las riberas  eran testigos cuando por primera vez  sent\u00ed la dulzura de tus labios.   En ese d\u00eda luminoso nuestros corazones eran rec\u00edprocos  porque los dos conjugamos nuestros sentimientos tu aliento y el m\u00edo se confundieron en una promesa.   Yo te am\u00e9 en medio de las retamas arom\u00e1ticas  Sab\u00edamos que nuestro romance prosperar\u00eda  como un nido de las palomas enamoradas  y mir\u00e1bamos con mucho anhelo el futuro que nos deparaba.   Ahora que transcurri\u00f3 el tiempo  est\u00e1 latente el perfume de tus besos con olor a las dalias  nuestro tierno amor vibra y reto\u00f1a en cada suspiro y brillando como las florecillas cuando en medio de las retamitas te amaba demasiado.","og_url":"https:\/\/staging.musuqilla.info\/es\/poema-estante\/amor-entre-retamas\/","og_site_name":"Musuq Illa","og_image":[{"width":855,"height":1280,"url":"https:\/\/staging.musuqilla.info\/wp-content\/uploads\/2021\/08\/ramos-flores_ritama-chawpipi-kuyanakuy_06f.jpg","type":"image\/jpeg"}],"twitter_card":"summary_large_image","twitter_site":"@MusuqIlla","schema":{"@context":"https:\/\/schema.org","@graph":[{"@type":"WebPage","@id":"https:\/\/staging.musuqilla.info\/es\/poema-estante\/amor-entre-retamas\/","url":"https:\/\/staging.musuqilla.info\/es\/poema-estante\/amor-entre-retamas\/","name":"Amor entre retamas - Musuq Illa","isPartOf":{"@id":"https:\/\/staging.musuqilla.info\/es\/#website"},"primaryImageOfPage":{"@id":"https:\/\/staging.musuqilla.info\/es\/poema-estante\/amor-entre-retamas\/#primaryimage"},"image":{"@id":"https:\/\/staging.musuqilla.info\/es\/poema-estante\/amor-entre-retamas\/#primaryimage"},"thumbnailUrl":"https:\/\/staging.musuqilla.info\/wp-content\/uploads\/2021\/08\/ramos-flores_ritama-chawpipi-kuyanakuy_06f.jpg","datePublished":"2021-08-06T21:45:49+00:00","breadcrumb":{"@id":"https:\/\/staging.musuqilla.info\/es\/poema-estante\/amor-entre-retamas\/#breadcrumb"},"inLanguage":"es-PE","potentialAction":[{"@type":"ReadAction","target":["https:\/\/staging.musuqilla.info\/es\/poema-estante\/amor-entre-retamas\/"]}]},{"@type":"ImageObject","inLanguage":"es-PE","@id":"https:\/\/staging.musuqilla.info\/es\/poema-estante\/amor-entre-retamas\/#primaryimage","url":"https:\/\/staging.musuqilla.info\/wp-content\/uploads\/2021\/08\/ramos-flores_ritama-chawpipi-kuyanakuy_06f.jpg","contentUrl":"https:\/\/staging.musuqilla.info\/wp-content\/uploads\/2021\/08\/ramos-flores_ritama-chawpipi-kuyanakuy_06f.jpg","width":855,"height":1280},{"@type":"BreadcrumbList","@id":"https:\/\/staging.musuqilla.info\/es\/poema-estante\/amor-entre-retamas\/#breadcrumb","itemListElement":[{"@type":"ListItem","position":1,"name":"Inicio","item":"https:\/\/staging.musuqilla.info\/es\/"},{"@type":"ListItem","position":2,"name":"Estante","item":"https:\/\/staging.musuqilla.info\/es\/estante\/"},{"@type":"ListItem","position":3,"name":"Amor entre retamas"}]},{"@type":"WebSite","@id":"https:\/\/staging.musuqilla.info\/es\/#website","url":"https:\/\/staging.musuqilla.info\/es\/","name":"Musuq Illa","description":"Harawikuna runasimipi","publisher":{"@id":"https:\/\/staging.musuqilla.info\/es\/#organization"},"potentialAction":[{"@type":"SearchAction","target":{"@type":"EntryPoint","urlTemplate":"https:\/\/staging.musuqilla.info\/es\/?s={search_term_string}"},"query-input":{"@type":"PropertyValueSpecification","valueRequired":true,"valueName":"search_term_string"}}],"inLanguage":"es-PE"},{"@type":"Organization","@id":"https:\/\/staging.musuqilla.info\/es\/#organization","name":"Musuq Illa","url":"https:\/\/staging.musuqilla.info\/es\/","logo":{"@type":"ImageObject","inLanguage":"es-PE","@id":"https:\/\/staging.musuqilla.info\/es\/#\/schema\/logo\/image\/","url":"https:\/\/i0.wp.com\/musuqilla.info\/wp-content\/uploads\/2020\/11\/musuq_illa_masthead_logo_txt_E_2x_smaller.png?fit=348%2C264&ssl=1","contentUrl":"https:\/\/i0.wp.com\/musuqilla.info\/wp-content\/uploads\/2020\/11\/musuq_illa_masthead_logo_txt_E_2x_smaller.png?fit=348%2C264&ssl=1","width":348,"height":264,"caption":"Musuq Illa"},"image":{"@id":"https:\/\/staging.musuqilla.info\/es\/#\/schema\/logo\/image\/"},"sameAs":["https:\/\/x.com\/MusuqIlla"]}]}},"_links":{"self":[{"href":"https:\/\/staging.musuqilla.info\/es\/wp-json\/wp\/v2\/product\/6937","targetHints":{"allow":["GET"]}}],"collection":[{"href":"https:\/\/staging.musuqilla.info\/es\/wp-json\/wp\/v2\/product"}],"about":[{"href":"https:\/\/staging.musuqilla.info\/es\/wp-json\/wp\/v2\/types\/product"}],"wp:featuredmedia":[{"embeddable":true,"href":"https:\/\/staging.musuqilla.info\/es\/wp-json\/wp\/v2\/media\/6909"}],"wp:attachment":[{"href":"https:\/\/staging.musuqilla.info\/es\/wp-json\/wp\/v2\/media?parent=6937"}],"wp:term":[{"taxonomy":"product_brand","embeddable":true,"href":"https:\/\/staging.musuqilla.info\/es\/wp-json\/wp\/v2\/product_brand?post=6937"},{"taxonomy":"product_cat","embeddable":true,"href":"https:\/\/staging.musuqilla.info\/es\/wp-json\/wp\/v2\/product_cat?post=6937"},{"taxonomy":"product_tag","embeddable":true,"href":"https:\/\/staging.musuqilla.info\/es\/wp-json\/wp\/v2\/product_tag?post=6937"},{"taxonomy":"press","embeddable":true,"href":"https:\/\/staging.musuqilla.info\/es\/wp-json\/wp\/v2\/press?post=6937"}],"curies":[{"name":"wp","href":"https:\/\/api.w.org\/{rel}","templated":true}]}}